{"id":6,"date":"2025-01-26T09:40:38","date_gmt":"2025-01-26T09:40:38","guid":{"rendered":"https:\/\/bensportsalud.com\/servicios\/"},"modified":"2025-09-09T15:42:51","modified_gmt":"2025-09-09T15:42:51","slug":"servicios","status":"publish","type":"page","link":"https:\/\/bensportsalud.com\/cat\/servicios\/","title":{"rendered":"Serveis"},"content":{"rendered":"<div class=\"kb-row-layout-wrap kb-row-layout-id6_146b01-48 alignfull kt-row-has-bg wp-block-kadence-rowlayout\"><div class=\"kt-row-layout-overlay kt-row-overlay-normal\"><\/div><div class=\"kt-row-column-wrap kt-has-1-columns kt-row-layout-equal kt-tab-layout-inherit kt-mobile-layout-row kt-row-valign-top\">\n\n<div class=\"wp-block-kadence-column kadence-column6_a1ed8c-9c inner-column-1\"><div class=\"kt-inside-inner-col\">\n<h1 class=\"kt-adv-heading6_f14728-4f wp-block-kadence-advancedheading has-custom-color-3-color has-text-color\" data-kb-block=\"kb-adv-heading6_f14728-4f\">A BENSPORT, portem la medicina esportiva i la fisioter\u00e0pia a un altre nivell.<\/h1>\n\n\n\n<p class=\"kt-adv-heading6_2c74ca-42 wp-block-kadence-advancedheading has-custom-color-3-color has-text-color\" data-kb-block=\"kb-adv-heading6_2c74ca-42\">La nostra missi\u00f3 \u00e9s oferir tractaments personalitzats que optimitzin el teu rendiment, accelerin la teva recuperaci\u00f3 i millorin el teu benestar f\u00edsic. Ja siguis un atleta professional, un esportista amateur o simplement alg\u00fa que vol cuidar el seu cos, el nostre equip d\u2019experts t\u2019acompanyar\u00e0 en cada pas del cam\u00ed.<\/p>\n\n\n\n<div class=\"wp-block-kadence-advancedbtn kb-buttons-wrap kb-btns6_fd2a62-78\"><a class=\"kb-button kt-button button kb-btn6_64598f-94 kt-btn-size-large kt-btn-width-type-auto kb-btn-global-inherit kt-btn-has-text-true kt-btn-has-svg-false wp-block-button__link wp-block-kadence-singlebtn\" href=\"https:\/\/bensportsalud.com\/cat\/contacto\/\"><span class=\"kt-btn-inner-text\">Demana cita<\/span><\/a><\/div>\n<\/div><\/div>\n\n<\/div><\/div>\n\n\n<div class=\"wp-block-kadence-spacer aligncenter kt-block-spacer-6_3f0c9d-b5\"><div class=\"kt-block-spacer kt-block-spacer-halign-center\"><hr class=\"kt-divider\"\/><\/div><\/div>\n\n\n\n<div class=\"wp-block-kadence-accordion alignwide\"><div class=\"kt-accordion-wrap kt-accordion-id6_92dd38-d6 kt-accordion-has-6-panes kt-active-pane-2 kt-accordion-block kt-pane-header-alignment-left kt-accodion-icon-style-basic kt-accodion-icon-side-right\" style=\"max-width:2000px\"><div class=\"kt-accordion-inner-wrap\" data-allow-multiple-open=\"false\" data-start-open=\"none\">\n<div class=\"wp-block-kadence-pane kt-accordion-pane kt-accordion-pane-1 kt-pane6_b41192-59\"><div class=\"kt-accordion-header-wrap\"><button class=\"kt-blocks-accordion-header kt-acccordion-button-label-show\" type=\"button\"><span class=\"kt-blocks-accordion-title-wrap\"><span class=\"kt-blocks-accordion-title\">Rehabilitaci\u00f3 personalitzada<\/span><\/span><span class=\"kt-blocks-accordion-icon-trigger\"><\/span><\/button><\/div><div class=\"kt-accordion-panel kt-accordion-panel-hidden\"><div class=\"kt-accordion-panel-inner\"><div class=\"kb-row-layout-wrap kb-row-layout-id6_f283a6-7c alignnone wp-block-kadence-rowlayout\"><div class=\"kt-row-column-wrap kt-has-1-columns kt-row-layout-equal kt-tab-layout-inherit kt-mobile-layout-row kt-row-valign-top\">\n\n<div class=\"wp-block-kadence-column kadence-column6_915a23-87\"><div class=\"kt-inside-inner-col\">\n<span class=\"kt-adv-heading6_ed8b74-42 wp-block-kadence-advancedheading\" data-kb-block=\"kb-adv-heading6_ed8b74-42\">Cada lesi\u00f3 \u00e9s \u00fanica, i a BENSPORT ho sabem. Dissenyem plans de recuperaci\u00f3 adaptats a les necessitats de cada pacient, combinant fisioter\u00e0pia avan\u00e7ada, ter\u00e0pia manual i exercicis terap\u00e8utics per a una recuperaci\u00f3 r\u00e0pida i efica\u00e7.<br><br><br>\u2013 Ter\u00e0pia manual i mobilitzaci\u00f3 articular.<br>\u2013 Electromiografia de superf\u00edcie.<br>\u2013 Punci\u00f3 seca y neuromodulaci\u00f3<br>&#8211; Ejercicios espec\u00edficos para recuperaci\u00f3n funcional.<br>\u2013 Electroter\u00e0pia y ter\u00e0pies complement\u00e0ries.<br>\u2013 Seguiment i ajustos en el tractament segons la teva evoluci\u00f3.<\/span>\n<\/div><\/div>\n\n<\/div><\/div><\/div><\/div><\/div>\n\n\n\n<div class=\"wp-block-kadence-pane kt-accordion-pane kt-accordion-pane-2 kt-pane6_ff2763-0c\"><div class=\"kt-accordion-header-wrap\"><button class=\"kt-blocks-accordion-header kt-acccordion-button-label-show\" type=\"button\"><span class=\"kt-blocks-accordion-title-wrap\"><span class=\"kt-blocks-accordion-title\">Medicina esportiva<\/span><\/span><span class=\"kt-blocks-accordion-icon-trigger\"><\/span><\/button><\/div><div class=\"kt-accordion-panel kt-accordion-panel-hidden\"><div class=\"kt-accordion-panel-inner\">\n<span class=\"kt-adv-heading6_869c75-41 wp-block-kadence-advancedheading\" data-kb-block=\"kb-adv-heading6_869c75-41\">Prevenci\u00f3, diagn\u00f2stic i tractament de lesions esportives amb un enfocament cient\u00edfic. El nostre equip m\u00e8dic est\u00e0 especialitzat en la recuperaci\u00f3 de lesions agudes i cr\u00f2niques, garantint un retorn segur i eficient a l\u2019activitat.<br><\/span>\n\n\n\n<p class=\"translation-block\">\u2013 Ecografia diagn\u00f2stica i avaluaci\u00f3 m\u00e8dica avan\u00e7ada.\n\u2013 Tractaments intervencionistes i regeneratius (infiltracions ecoguiades, viscosuplimentaci\u00f3).\n\u2013 Assessorament m\u00e8dic per a la prevenci\u00f3 i optimitzaci\u00f3 del rendiment.<\/p>\n<\/div><\/div><\/div>\n\n\n\n<div class=\"wp-block-kadence-pane kt-accordion-pane kt-accordion-pane-3 kt-pane6_01a91c-7d\"><div class=\"kt-accordion-header-wrap\"><button class=\"kt-blocks-accordion-header kt-acccordion-button-label-show\" type=\"button\"><span class=\"kt-blocks-accordion-title-wrap\"><span class=\"kt-blocks-accordion-title\">Tractament del dolor<\/span><\/span><span class=\"kt-blocks-accordion-icon-trigger\"><\/span><\/button><\/div><div class=\"kt-accordion-panel kt-accordion-panel-hidden\"><div class=\"kt-accordion-panel-inner\">\n<span class=\"kt-adv-heading6_1c95fd-d6 wp-block-kadence-advancedheading\" data-kb-block=\"kb-adv-heading6_1c95fd-d6\">Si el dolor limita la teva vida, a BENSPORT t\u2019ajudem a recuperar el control. Combinen fisioter\u00e0pia i medicina per alleujar el dolor i millorar la funcionalitat del teu cos.<br><\/span>\n\n\n\n<p>&#8211; Terapias manuales para aliviar la tensi\u00f3n y mejorar la movilidad.<br>&#8211; T\u00e9cnicas de fisioterapia invasiva como punci\u00f3n seca y neuromodulaci\u00f3n.<br>&#8211; Infiltraciones ecoguiadas para reducir la inflamaci\u00f3n y el dolor.<br>&#8211; Programas personalizados para aliviar el dolor cr\u00f3nico.<br><\/p>\n<\/div><\/div><\/div>\n\n\n\n<div class=\"wp-block-kadence-pane kt-accordion-pane kt-accordion-pane-4 kt-pane6_dcdba1-b7\"><div class=\"kt-accordion-header-wrap\"><button class=\"kt-blocks-accordion-header kt-acccordion-button-label-show\" type=\"button\"><span class=\"kt-blocks-accordion-title-wrap\"><span class=\"kt-blocks-accordion-title\">Rendiment esportiu<\/span><\/span><span class=\"kt-blocks-accordion-icon-trigger\"><\/span><\/button><\/div><div class=\"kt-accordion-panel kt-accordion-panel-hidden\"><div class=\"kt-accordion-panel-inner\">\n<span class=\"kt-adv-heading6_73c970-e4 wp-block-kadence-advancedheading\" data-kb-block=\"kb-adv-heading6_73c970-e4\">Porta el teu entrenament al seg\u00fcent nivell amb un pla personalitzat dissenyat per potenciar el teu rendiment, prevenir lesions i millorar la teva capacitat f\u00edsica.<br><br>\u2013 Avaluaci\u00f3 funcional i biomec\u00e0nica.<br>\u2013 Plans d\u2019entrenament espec\u00edfics per a cada disciplina esportiva.<br>\u2013 Readaptaci\u00f3 postlesi\u00f3 per a un retorn segur a la competici\u00f3.<br>\u2013 Assessorament en nutrici\u00f3 esportiva i recuperaci\u00f3 muscular.<\/span>\n<\/div><\/div><\/div>\n\n\n\n<div class=\"wp-block-kadence-pane kt-accordion-pane kt-accordion-pane-5 kt-pane6_320533-27\"><div class=\"kt-accordion-header-wrap\"><button class=\"kt-blocks-accordion-header kt-acccordion-button-label-show\" type=\"button\"><span class=\"kt-blocks-accordion-title-wrap\"><span class=\"kt-blocks-accordion-title\">Benestar i prevenci\u00f3 de lesions<\/span><\/span><span class=\"kt-blocks-accordion-icon-trigger\"><\/span><\/button><\/div><div class=\"kt-accordion-panel kt-accordion-panel-hidden\"><div class=\"kt-accordion-panel-inner\">\n<span class=\"kt-adv-heading6_a4f015-d3 wp-block-kadence-advancedheading\" data-kb-block=\"kb-adv-heading6_a4f015-d3\">Cuidar el teu cos \u00e9s clau per mantenir un estil de vida actiu i sense dolor. A BENSPORT treballem en la prevenci\u00f3 i el tractament del dolor musculoesquel\u00e8tic, ajudant-te a millorar la teva qualitat de vida.<br><\/span>\n\n\n\n<p class=\"translation-block\">\u2013 Programes de mobilitat i correcci\u00f3 postural.<br>\u2013 Massoter\u00e0pia i alliberament miofascial.<br>\u2013 Exercicis terap\u00e8utics per a la prevenci\u00f3 de lesions.<br>\u2013 Entrenament adaptat per a persones grans actives.<\/p>\n<\/div><\/div><\/div>\n\n\n\n<div class=\"wp-block-kadence-pane kt-accordion-pane kt-accordion-pane-6 kt-pane6_40201d-2c\"><div class=\"kt-accordion-header-wrap\"><button class=\"kt-blocks-accordion-header kt-acccordion-button-label-show\" type=\"button\"><span class=\"kt-blocks-accordion-title-wrap\"><span class=\"kt-blocks-accordion-title\">Readaptaci\u00f3 y recuperaci\u00f3 funcional<\/span><\/span><span class=\"kt-blocks-accordion-icon-trigger\"><\/span><\/button><\/div><div class=\"kt-accordion-panel kt-accordion-panel-hidden\"><div class=\"kt-accordion-panel-inner\">\n<span class=\"kt-adv-heading6_8f3873-b9 wp-block-kadence-advancedheading\" data-kb-block=\"kb-adv-heading6_8f3873-b9\">El retorn a l\u2019activitat despr\u00e9s d\u2019una lesi\u00f3 \u00e9s un proc\u00e9s clau per evitar recaigudes. Dissenyem programes espec\u00edfics de readaptaci\u00f3 per garantir que recuperis la teva funcionalitat al 100% i puguis tornar a entrenar amb seguretat.<br><br>\u2013 Exercicis progressius per enfortir la zona afectada.<br>\u2013 Correcci\u00f3 de patrons de moviment per evitar futures lesions.<br>\u2013 Entrenament funcional adaptat a cada esport o activitat.<br>\u2013 Avaluaci\u00f3 biomec\u00e0nica i control de c\u00e0rregues per a un retorn segur a la competici\u00f3.<\/span>\n<\/div><\/div><\/div>\n<\/div><\/div><\/div>\n\n\n\n<div class=\"wp-block-kadence-spacer aligncenter kt-block-spacer-6_d032df-d6\"><div class=\"kt-block-spacer kt-block-spacer-halign-center\"><hr class=\"kt-divider\"\/><\/div><\/div>\n\n\n\n<div class=\"wp-block-group alignfull hostinger-ai-solid-block hostinger-ai-fade-up has-color-1-background-color has-background has-global-padding is-layout-constrained wp-block-group-is-layout-constrained\" data-aos=\"fade-up\" style=\"padding-top:var(--wp--preset--spacing--60);padding-bottom:var(--wp--preset--spacing--60)\">\n<div class=\"wp-block-group alignwide hostinger-ai-fade-up is-vertical is-content-justification-center is-nowrap is-layout-flex wp-container-core-group-is-layout-2 wp-block-group-is-layout-flex\" data-aos=\"fade-up\" style=\"min-height:0px;padding-top:0;padding-bottom:0\">\n<div class=\"wp-block-group hostinger-ai-fade-up wp-container-content-1 has-global-padding is-content-justification-center is-layout-constrained wp-container-core-group-is-layout-1 wp-block-group-is-layout-constrained\" data-aos=\"fade-up\">\n<h2 class=\"wp-block-heading has-text-align-center hostinger-ai-title has-dark-color has-text-color has-link-color has-x-large-font-size wp-elements-b23e8e17131b4676985114b0d7a3912f\" style=\"margin-top:0;margin-right:0;margin-bottom:0;margin-left:0\">Recupera el teu estat f\u00edsic<\/h2>\n\n\n\n<p class=\"has-text-align-center hostinger-ai-description has-dark-color has-text-color has-link-color has-medium-font-size wp-elements-f525820fe2a041b1dc51d47f32067180\" style=\"margin-top:var(--wp--preset--spacing--20);margin-bottom:var(--wp--preset--spacing--50)\">Oferim una atenci\u00f3 personalitzada i tractaments avan\u00e7ats per a lesions. Millora el teu estat f\u00edsic amb els nostres experts en medicina i fisioter\u00e0pia.<\/p>\n\n\n\n<div class=\"wp-block-buttons is-content-justification-center is-layout-flex wp-container-core-buttons-is-layout-1 wp-block-buttons-is-layout-flex\">\n<div class=\"wp-block-button has-custom-font-size hostinger-ai-cta-button has-medium-font-size\"><a class=\"wp-block-button__link has-dark-color has-contrast-background-color has-text-color has-background has-link-color has-border-color has-dark-border-color wp-element-button\" href=\"https:\/\/bensportsalud.com\/cat\/contacto\/\" style=\"padding-top:var(--wp--preset--spacing--30);padding-right:var(--wp--preset--spacing--70);padding-bottom:var(--wp--preset--spacing--30);padding-left:var(--wp--preset--spacing--70)\">Demana cita<\/a><\/div>\n<\/div>\n<\/div>\n<\/div>\n<\/div>\n\n\n\n<p><\/p>","protected":false},"excerpt":{"rendered":"<p>En BENSPORT, llevamos la medicina deportiva y la fisioterapia a otro nivel. Nuestra misi\u00f3n es ofrecer tratamientos personalizados que optimicen tu rendimiento, aceleren tu recuperaci\u00f3n y mejoren tu bienestar f\u00edsico. Ya seas un atleta profesional, un deportista amateur o simplemente alguien que quiere cuidar su cuerpo, nuestro equipo de expertos te acompa\u00f1ar\u00e1 en cada paso [&hellip;]<\/p>","protected":false},"author":1,"featured_media":0,"parent":0,"menu_order":0,"comment_status":"closed","ping_status":"closed","template":"","meta":{"footnotes":""},"class_list":["post-6","page","type-page","status-publish","hentry"],"yoast_head":"<!-- This site is optimized with the Yoast SEO plugin v25.7 - https:\/\/yoast.com\/wordpress\/plugins\/seo\/ -->\n<title>Servicios - Medicina, Fisioterapia y Rendimiento Deportivo<\/title>\n<meta name=\"robots\" content=\"index, follow, max-snippet:-1, max-image-preview:large, max-video-preview:-1\" \/>\n<link rel=\"canonical\" href=\"https:\/\/bensportsalud.com\/cat\/servicios\/\" \/>\n<meta property=\"og:locale\" content=\"ca_ES\" \/>\n<meta property=\"og:type\" content=\"article\" \/>\n<meta property=\"og:title\" content=\"Servicios - Medicina, Fisioterapia y Rendimiento Deportivo\" \/>\n<meta property=\"og:description\" content=\"En BENSPORT, llevamos la medicina deportiva y la fisioterapia a otro nivel. Nuestra misi\u00f3n es ofrecer tratamientos personalizados que optimicen tu rendimiento, aceleren tu recuperaci\u00f3n y mejoren tu bienestar f\u00edsico. Ya seas un atleta profesional, un deportista amateur o simplemente alguien que quiere cuidar su cuerpo, nuestro equipo de expertos te acompa\u00f1ar\u00e1 en cada paso [&hellip;]\" \/>\n<meta property=\"og:url\" content=\"https:\/\/bensportsalud.com\/cat\/servicios\/\" \/>\n<meta property=\"og:site_name\" content=\"Medicina, Fisioterapia y Rendimiento Deportivo\" \/>\n<meta property=\"article:modified_time\" content=\"2025-09-09T15:42:51+00:00\" \/>\n<meta name=\"twitter:card\" content=\"summary_large_image\" \/>\n<meta name=\"twitter:label1\" content=\"Temps estimat de lectura\" \/>\n\t<meta name=\"twitter:data1\" content=\"3 minuts\" \/>\n<script type=\"application\/ld+json\" class=\"yoast-schema-graph\">{\"@context\":\"https:\/\/schema.org\",\"@graph\":[{\"@type\":\"WebPage\",\"@id\":\"https:\/\/bensportsalud.com\/servicios\/\",\"url\":\"https:\/\/bensportsalud.com\/servicios\/\",\"name\":\"Servicios - Medicina, Fisioterapia y Rendimiento Deportivo\",\"isPartOf\":{\"@id\":\"https:\/\/bensportsalud.com\/#website\"},\"datePublished\":\"2025-01-26T09:40:38+00:00\",\"dateModified\":\"2025-09-09T15:42:51+00:00\",\"breadcrumb\":{\"@id\":\"https:\/\/bensportsalud.com\/servicios\/#breadcrumb\"},\"inLanguage\":\"ca\",\"potentialAction\":[{\"@type\":\"ReadAction\",\"target\":[\"https:\/\/bensportsalud.com\/servicios\/\"]}]},{\"@type\":\"BreadcrumbList\",\"@id\":\"https:\/\/bensportsalud.com\/servicios\/#breadcrumb\",\"itemListElement\":[{\"@type\":\"ListItem\",\"position\":1,\"name\":\"Portada\",\"item\":\"https:\/\/bensportsalud.com\/\"},{\"@type\":\"ListItem\",\"position\":2,\"name\":\"Servicios\"}]},{\"@type\":\"WebSite\",\"@id\":\"https:\/\/bensportsalud.com\/#website\",\"url\":\"https:\/\/bensportsalud.com\/\",\"name\":\"Bensportsalud\",\"description\":\"Recupera tu mejor vers\u00edon\",\"publisher\":{\"@id\":\"https:\/\/bensportsalud.com\/#organization\"},\"potentialAction\":[{\"@type\":\"SearchAction\",\"target\":{\"@type\":\"EntryPoint\",\"urlTemplate\":\"https:\/\/bensportsalud.com\/?s={search_term_string}\"},\"query-input\":{\"@type\":\"PropertyValueSpecification\",\"valueRequired\":true,\"valueName\":\"search_term_string\"}}],\"inLanguage\":\"ca\"},{\"@type\":\"Organization\",\"@id\":\"https:\/\/bensportsalud.com\/#organization\",\"name\":\"Bensport salud y rendimiento\",\"url\":\"https:\/\/bensportsalud.com\/\",\"logo\":{\"@type\":\"ImageObject\",\"inLanguage\":\"ca\",\"@id\":\"https:\/\/bensportsalud.com\/#\/schema\/logo\/image\/\",\"url\":\"https:\/\/bensportsalud.com\/wp-content\/uploads\/2025\/01\/Color-logo-with-background.png\",\"contentUrl\":\"https:\/\/bensportsalud.com\/wp-content\/uploads\/2025\/01\/Color-logo-with-background.png\",\"width\":3163,\"height\":929,\"caption\":\"Bensport salud y rendimiento\"},\"image\":{\"@id\":\"https:\/\/bensportsalud.com\/#\/schema\/logo\/image\/\"}}]}<\/script>\n<!-- \/ Yoast SEO plugin. -->","yoast_head_json":{"title":"Servicios - Medicina, Fisioterapia y Rendimiento Deportivo","robots":{"index":"index","follow":"follow","max-snippet":"max-snippet:-1","max-image-preview":"max-image-preview:large","max-video-preview":"max-video-preview:-1"},"canonical":"https:\/\/bensportsalud.com\/cat\/servicios\/","og_locale":"ca_ES","og_type":"article","og_title":"Servicios - Medicina, Fisioterapia y Rendimiento Deportivo","og_description":"En BENSPORT, llevamos la medicina deportiva y la fisioterapia a otro nivel. Nuestra misi\u00f3n es ofrecer tratamientos personalizados que optimicen tu rendimiento, aceleren tu recuperaci\u00f3n y mejoren tu bienestar f\u00edsico. Ya seas un atleta profesional, un deportista amateur o simplemente alguien que quiere cuidar su cuerpo, nuestro equipo de expertos te acompa\u00f1ar\u00e1 en cada paso [&hellip;]","og_url":"https:\/\/bensportsalud.com\/cat\/servicios\/","og_site_name":"Medicina, Fisioterapia y Rendimiento Deportivo","article_modified_time":"2025-09-09T15:42:51+00:00","twitter_card":"summary_large_image","twitter_misc":{"Temps estimat de lectura":"3 minuts"},"schema":{"@context":"https:\/\/schema.org","@graph":[{"@type":"WebPage","@id":"https:\/\/bensportsalud.com\/servicios\/","url":"https:\/\/bensportsalud.com\/servicios\/","name":"Servicios - Medicina, Fisioterapia y Rendimiento Deportivo","isPartOf":{"@id":"https:\/\/bensportsalud.com\/#website"},"datePublished":"2025-01-26T09:40:38+00:00","dateModified":"2025-09-09T15:42:51+00:00","breadcrumb":{"@id":"https:\/\/bensportsalud.com\/servicios\/#breadcrumb"},"inLanguage":"ca","potentialAction":[{"@type":"ReadAction","target":["https:\/\/bensportsalud.com\/servicios\/"]}]},{"@type":"BreadcrumbList","@id":"https:\/\/bensportsalud.com\/servicios\/#breadcrumb","itemListElement":[{"@type":"ListItem","position":1,"name":"Portada","item":"https:\/\/bensportsalud.com\/"},{"@type":"ListItem","position":2,"name":"Servicios"}]},{"@type":"WebSite","@id":"https:\/\/bensportsalud.com\/#website","url":"https:\/\/bensportsalud.com\/","name":"Bensportsalud","description":"Recupera tu mejor vers\u00edon","publisher":{"@id":"https:\/\/bensportsalud.com\/#organization"},"potentialAction":[{"@type":"SearchAction","target":{"@type":"EntryPoint","urlTemplate":"https:\/\/bensportsalud.com\/?s={search_term_string}"},"query-input":{"@type":"PropertyValueSpecification","valueRequired":true,"valueName":"search_term_string"}}],"inLanguage":"ca"},{"@type":"Organization","@id":"https:\/\/bensportsalud.com\/#organization","name":"Bensport salud y rendimiento","url":"https:\/\/bensportsalud.com\/","logo":{"@type":"ImageObject","inLanguage":"ca","@id":"https:\/\/bensportsalud.com\/#\/schema\/logo\/image\/","url":"https:\/\/bensportsalud.com\/wp-content\/uploads\/2025\/01\/Color-logo-with-background.png","contentUrl":"https:\/\/bensportsalud.com\/wp-content\/uploads\/2025\/01\/Color-logo-with-background.png","width":3163,"height":929,"caption":"Bensport salud y rendimiento"},"image":{"@id":"https:\/\/bensportsalud.com\/#\/schema\/logo\/image\/"}}]}},"_links":{"self":[{"href":"https:\/\/bensportsalud.com\/cat\/wp-json\/wp\/v2\/pages\/6","targetHints":{"allow":["GET"]}}],"collection":[{"href":"https:\/\/bensportsalud.com\/cat\/wp-json\/wp\/v2\/pages"}],"about":[{"href":"https:\/\/bensportsalud.com\/cat\/wp-json\/wp\/v2\/types\/page"}],"author":[{"embeddable":true,"href":"https:\/\/bensportsalud.com\/cat\/wp-json\/wp\/v2\/users\/1"}],"replies":[{"embeddable":true,"href":"https:\/\/bensportsalud.com\/cat\/wp-json\/wp\/v2\/comments?post=6"}],"version-history":[{"count":40,"href":"https:\/\/bensportsalud.com\/cat\/wp-json\/wp\/v2\/pages\/6\/revisions"}],"predecessor-version":[{"id":479,"href":"https:\/\/bensportsalud.com\/cat\/wp-json\/wp\/v2\/pages\/6\/revisions\/479"}],"wp:attachment":[{"href":"https:\/\/bensportsalud.com\/cat\/wp-json\/wp\/v2\/media?parent=6"}],"curies":[{"name":"wp","href":"https:\/\/api.w.org\/{rel}","templated":true}]}}