{"id":5,"date":"2025-01-26T09:40:38","date_gmt":"2025-01-26T09:40:38","guid":{"rendered":"https:\/\/bensportsalud.com\/inicio\/"},"modified":"2025-09-09T15:44:28","modified_gmt":"2025-09-09T15:44:28","slug":"inicio","status":"publish","type":"page","link":"https:\/\/bensportsalud.com\/cat\/","title":{"rendered":"Inici"},"content":{"rendered":"<div class=\"kb-row-layout-wrap kb-row-layout-id5_b3d98a-d4 alignfull kt-row-has-bg wp-block-kadence-rowlayout\"><div class=\"kt-blocks-carousel kb-blocks-bg-slider kt-carousel-container-dotstyle-dark\"><div class=\"kt-blocks-carousel-init kb-blocks-bg-slider-init kt-carousel-arrowstyle-none kt-carousel-dotstyle-dark\" data-slider-anim-speed=\"400\" data-slider-type=\"slider\" data-slider-scroll=\"1\" data-slider-arrows=\"false\" data-slider-fade=\"true\" data-slider-dots=\"true\" data-slider-hover-pause=\"false\" data-slider-auto=\"true\" data-slider-speed=\"7000\"><div class=\"kb-bg-slide-contain\"><div class=\"kb-bg-slide kb-bg-slide-0\" style=\"background-image:url(https:\/\/bensportsalud.com\/wp-content\/uploads\/2025\/09\/IMG_3484-scaled.jpeg); background-size:cover; background-position:center center; background-repeat:no-repeat;\"><\/div><\/div><div class=\"kb-bg-slide-contain\"><div class=\"kb-bg-slide kb-bg-slide-1\" style=\"background-image:url(https:\/\/bensportsalud.com\/wp-content\/uploads\/2025\/09\/IMG_3464-scaled.jpeg); background-size:cover; background-position:center center; background-repeat:no-repeat;\"><\/div><\/div><div class=\"kb-bg-slide-contain\"><div class=\"kb-bg-slide kb-bg-slide-2\" style=\"background-image:url(https:\/\/bensportsalud.com\/wp-content\/uploads\/2025\/09\/IMG_3446-scaled.jpeg); background-size:cover; background-position:center center; background-repeat:no-repeat;\"><\/div><\/div><div class=\"kb-bg-slide-contain\"><div class=\"kb-bg-slide kb-bg-slide-3\" style=\"background-image:url(https:\/\/bensportsalud.com\/wp-content\/uploads\/2025\/09\/IMG_3467-scaled.jpeg); background-size:cover; background-position:center center; background-repeat:no-repeat;\"><\/div><\/div><\/div><\/div><div class=\"kt-row-layout-overlay kt-row-overlay-normal\"><\/div><div class=\"kt-row-column-wrap kt-has-1-columns kt-row-layout-equal kt-tab-layout-inherit kt-mobile-layout-row kt-row-valign-top kb-theme-content-width\">\n\n<div class=\"wp-block-kadence-column kadence-column5_050a3f-60\"><div class=\"kt-inside-inner-col\">\n<h1 class=\"kt-adv-heading5_f9ff2b-4c wp-block-kadence-advancedheading has-custom-color-3-color has-text-color\" data-kb-block=\"kb-adv-heading5_f9ff2b-4c\">MEDICINA, FISIOTER\u00c0PIA I RENDIMENT ESPORTIU A BARCELONA<\/h1>\n\n\n\n<p class=\"kt-adv-heading5_312c02-46 wp-block-kadence-advancedheading has-custom-color-3-color has-text-color\" data-kb-block=\"kb-adv-heading5_312c02-46\">Centre especialitzat en medicina, fisioter\u00e0pia, nutrici\u00f3 i preparaci\u00f3 f\u00edsica per al teu benestar total.<\/p>\n\n\n\n<div class=\"wp-block-kadence-advancedbtn kb-buttons-wrap kb-btns5_6bf376-c8\"><a class=\"kb-button kt-button button kb-btn5_e2d15a-57 kt-btn-size-large kt-btn-width-type-auto kb-btn-global-inherit kt-btn-has-text-true kt-btn-has-svg-false wp-block-button__link wp-block-kadence-singlebtn\" href=\"https:\/\/bensportsalud.com\/cat\/contacto\/\"><span class=\"kt-btn-inner-text\">Demana cita<\/span><\/a><\/div>\n<\/div><\/div>\n\n<\/div><\/div>\n\n<div class=\"kb-row-layout-wrap kb-row-layout-id5_98ce31-f8 alignfull kt-row-has-bg wp-block-kadence-rowlayout\"><div class=\"kt-row-column-wrap kt-has-3-columns kt-row-layout-equal kt-tab-layout-first-row kt-mobile-layout-row kt-row-valign-top kb-theme-content-width\">\n\n<div class=\"wp-block-kadence-column kadence-column5_ae3a7a-2d inner-column-1\"><div class=\"kt-inside-inner-col\">\n<div class=\"wp-block-kadence-infobox kt-info-box5_f13b42-31\"><div class=\"kt-blocks-info-box-link-wrap kt-blocks-info-box-media-align-left kt-info-halign-right kb-info-box-vertical-media-align-top\"><div class=\"kt-blocks-info-box-media-container\"><div class=\"kt-blocks-info-box-media kt-info-media-animate-none\"><div class=\"kadence-info-box-number-container kt-info-number-animate-none\"><div class=\"kadence-info-box-number-inner-container\"><div class=\"kt-blocks-info-box-number\">1<\/div><\/div><\/div><\/div><\/div><div class=\"kt-infobox-textcontent\"><div class=\"kt-blocks-info-box-title\">Medicina esportiva<\/div><p class=\"kt-blocks-info-box-text\">Garantim una atenci\u00f3 personalitzada.<br>Diagn\u00f2stics precisos per assegurar el teu benestar f\u00edsic i mental.<\/p><\/div><\/div><\/div>\n<\/div><\/div>\n\n\n\n<div class=\"wp-block-kadence-column kadence-column5_f26feb-b9 inner-column-1\"><div class=\"kt-inside-inner-col\">\n<div class=\"wp-block-kadence-infobox kt-info-box5_dd671f-11\"><div class=\"kt-blocks-info-box-link-wrap kt-blocks-info-box-media-align-left kt-info-halign-right kb-info-box-vertical-media-align-top\"><div class=\"kt-blocks-info-box-media-container\"><div class=\"kt-blocks-info-box-media kt-info-media-animate-none\"><div class=\"kadence-info-box-number-container kt-info-number-animate-none\"><div class=\"kadence-info-box-number-inner-container\"><div class=\"kt-blocks-info-box-number\">2<\/div><\/div><\/div><\/div><\/div><div class=\"kt-infobox-textcontent\"><h5 class=\"kt-blocks-info-box-title\">Fisioter\u00e0pia y Readaptaci\u00f3<\/h5><p class=\"kt-blocks-info-box-text\">Tractament integral adaptat a les teves necessitats amb professionals altament qualificats i tecnologia avan\u00e7ada.<\/p><\/div><\/div><\/div>\n<\/div><\/div>\n\n\n\n<div class=\"wp-block-kadence-column kadence-column5_b21e8d-00 inner-column-1\"><div class=\"kt-inside-inner-col\">\n<div class=\"wp-block-kadence-infobox kt-info-box5_219bfa-43\"><div class=\"kt-blocks-info-box-link-wrap kt-blocks-info-box-media-align-left kt-info-halign-right kb-info-box-vertical-media-align-top\"><div class=\"kt-blocks-info-box-media-container\"><div class=\"kt-blocks-info-box-media kt-info-media-animate-none\"><div class=\"kadence-info-box-number-container kt-info-number-animate-none\"><div class=\"kadence-info-box-number-inner-container\"><div class=\"kt-blocks-info-box-number\">3<\/div><\/div><\/div><\/div><\/div><div class=\"kt-infobox-textcontent\"><div class=\"kt-blocks-info-box-title\">Preparaci\u00f3 f\u00edsica i nutrici\u00f3<\/div><p class=\"kt-blocks-info-box-text\">Treu el teu m\u00e0xim rendiment amb l\u2019ajuda i la companyia d\u2019un equip que traur\u00e0 el m\u00e0xim profit del teu potencial.<\/p><\/div><\/div><\/div>\n<\/div><\/div>\n\n<\/div><\/div>\n\n<div class=\"kb-row-layout-wrap kb-row-layout-id5_c98453-5a alignfull kt-row-has-bg wp-block-kadence-rowlayout\"><div class=\"kt-row-layout-overlay kt-row-overlay-normal\"><\/div><div class=\"kt-row-column-wrap kt-has-1-columns kt-row-layout-equal kt-tab-layout-inherit kt-mobile-layout-row kt-row-valign-bottom kb-theme-content-width\">\n\n<div class=\"wp-block-kadence-column kadence-column5_8079db-7e inner-column-1\"><div class=\"kt-inside-inner-col\">\n<h2 class=\"kt-adv-heading5_a1972c-dc wp-block-kadence-advancedheading has-custom-color-3-color has-text-color\" data-kb-block=\"kb-adv-heading5_a1972c-dc\"><strong>Per qu\u00e8 triar BENSPORT?<\/strong><\/h2>\n\n\n\n<p class=\"kt-adv-heading5_599666-8a wp-block-kadence-advancedheading has-custom-color-3-color has-text-color\" data-kb-block=\"kb-adv-heading5_599666-8a\"><em>Perqu\u00e8 aqu\u00ed no v\u00e9ns nom\u00e9s a curar-te. V\u00e9ns a fer-te m\u00e9s fort.<\/em><br><br><strong>No fem tractaments est\u00e0ndard.<\/strong>. Dissenyem un pla <strong>espec\u00edfico para ti<\/strong>, amb la mirada m\u00e8dica, el criteri fisioterap\u00e8utic i la precisi\u00f3 de l\u2019entrenament. Tot sota un mateix sostre.<\/p>\n\n\n\n<p class=\"kt-adv-heading5_eb3f4a-eb wp-block-kadence-advancedheading\" data-kb-block=\"kb-adv-heading5_eb3f4a-eb\"><strong>No som un centre m\u00e9s.<br>Som el lloc on acudir quan vols tornar al teu esport\u2026 o comen\u00e7ar sense por.<\/strong><br><\/p>\n<\/div><\/div>\n\n<\/div><\/div>\n\n\n<div class=\"wp-block-group alignfull hostinger-ai-solid-block hostinger-ai-fade-up has-custom-color-4-background-color has-background has-global-padding is-layout-constrained wp-block-group-is-layout-constrained\" data-aos=\"fade-up\" style=\"padding-top:var(--wp--preset--spacing--60);padding-bottom:var(--wp--preset--spacing--60)\">\n<div class=\"wp-block-group alignwide hostinger-ai-fade-up is-vertical is-content-justification-center is-nowrap is-layout-flex wp-container-core-group-is-layout-2 wp-block-group-is-layout-flex\" data-aos=\"fade-up\" style=\"min-height:0px;padding-top:0;padding-bottom:0\">\n<div class=\"wp-block-group hostinger-ai-fade-up wp-container-content-1 has-global-padding is-content-justification-center is-layout-constrained wp-container-core-group-is-layout-1 wp-block-group-is-layout-constrained\" data-aos=\"fade-up\">\n<h2 class=\"wp-block-heading has-text-align-center hostinger-ai-title has-dark-color has-text-color has-link-color has-x-large-font-size wp-elements-4cbab56025132b889eeca5fcb2c6d95a\" style=\"margin-top:0;margin-right:0;margin-bottom:0;margin-left:0\">Recupera el teu rendimient<\/h2>\n\n\n\n<p class=\"has-text-align-center hostinger-ai-description has-dark-color has-text-color has-link-color has-medium-font-size wp-elements-d288fde3d48d481eeb40ad359fd9c070\" style=\"margin-top:var(--wp--preset--spacing--20);margin-bottom:var(--wp--preset--spacing--50)\">A Bensport, t\u2019oferim una atenci\u00f3 personalitzada i tractaments d\u2019alta qualitat per a lesions i la millora del rendiment f\u00edsic.<\/p>\n\n\n\n<div class=\"wp-block-buttons is-content-justification-center is-layout-flex wp-container-core-buttons-is-layout-1 wp-block-buttons-is-layout-flex\">\n<div class=\"wp-block-button has-custom-font-size hostinger-ai-cta-button has-medium-font-size\"><a class=\"wp-block-button__link has-dark-color has-contrast-background-color has-text-color has-background has-link-color has-border-color has-dark-border-color wp-element-button\" href=\"https:\/\/bensportsalud.com\/cat\/contacto\/\" style=\"padding-top:var(--wp--preset--spacing--30);padding-right:var(--wp--preset--spacing--70);padding-bottom:var(--wp--preset--spacing--30);padding-left:var(--wp--preset--spacing--70)\">Contacta amb nosaltres<\/a><\/div>\n<\/div>\n<\/div>\n<\/div>\n<\/div>\n\n\n<div class=\"kb-row-layout-wrap kb-row-layout-id5_3f8364-1d alignfull has-custom-color-1-background-color kt-row-has-bg wp-block-kadence-rowlayout\"><div class=\"kt-row-column-wrap kt-has-1-columns kt-row-layout-equal kt-tab-layout-inherit kt-mobile-layout-row kt-row-valign-top\">\n\n<div class=\"wp-block-kadence-column kadence-column5_ba20d7-24\"><div class=\"kt-inside-inner-col\"><div class=\"kb-row-layout-wrap kb-row-layout-id5_5e94cc-91 alignnone shadow wp-block-kadence-rowlayout\"><div class=\"kt-row-column-wrap kt-has-3-columns kt-row-layout-left-half kt-tab-layout-first-row kt-mobile-layout-row kt-row-valign-middle\">\n\n<div class=\"wp-block-kadence-column kadence-column5_537905-6e\"><div class=\"kt-inside-inner-col\"><\/div><\/div>\n\n\n\n<div class=\"wp-block-kadence-column kadence-column5_c6fcab-f3\"><div class=\"kt-inside-inner-col\"><\/div><\/div>\n\n\n\n<div class=\"wp-block-kadence-column kadence-column5_df9c4a-c7\"><div class=\"kt-inside-inner-col\"><\/div><\/div>\n\n<\/div><\/div>\n\n<div class=\"kb-google-maps-container kb-google-maps-container5_f6686b-96  wp-block-kadence-googlemaps\" data-mapid=\"5_f6686b96\"><iframe width=\"100%\" height=\"100%\"\n\t\t\t\t\t\t\tstyle=\"border:0\" loading=\"lazy\"\n\t\t\t\t\t\t\tsrc=\"https:\/\/www.google.com\/maps\/embed\/v1\/place?key=AIzaSyBAM2o7PiQqwk15LC1XRH2e_KJ-jUa7KYk&#038;zoom=15&#038;maptype=roadmap&#038;q=carrer+Dr+trueta+48+%2C+Barcelona\"\n\t\t\t\t\t\t\ttitle=\"Google map of carrer Dr trueta 48 , Barcelona\"><\/iframe><\/div><script>function kb_google_map5_f6686b96() { let center = { lat: 37.8201, lng: -122.4781}; let map = new google.maps.Map(document.getElementById(\"kb-google-map5_f6686b96\"), {\n\t\t\t\t\t    zoom: 15,\n\t\t\t\t\t    center: center,});let marker = new google.maps.Marker({   position: { lat: 37.8201, lng: -122.4781},    map: map,  });}<\/script><\/div><\/div>\n\n<\/div><\/div>\n\n<style id=\"wpforms-css-vars-77-block-68c676e1-9d6c-4eec-ab52-3ba728990db7\">\n\t\t\t\t#wpforms-77.wpforms-block-68c676e1-9d6c-4eec-ab52-3ba728990db7 {\n\t\t\t\t--wpforms-label-sublabel-color: #f7f7ef;\n--wpforms-field-text-color: #000000;\n--wpforms-field-menu-color: #f7f7ef;\n--wpforms-field-size-input-height: 43px;\n--wpforms-field-size-input-spacing: 15px;\n--wpforms-field-size-font-size: 16px;\n--wpforms-field-size-line-height: 19px;\n--wpforms-field-size-padding-h: 14px;\n--wpforms-field-size-checkbox-size: 16px;\n--wpforms-field-size-sublabel-spacing: 5px;\n--wpforms-field-size-icon-size: 1;\n--wpforms-label-size-font-size: 18px;\n--wpforms-label-size-line-height: 21px;\n--wpforms-label-size-sublabel-font-size: 16px;\n--wpforms-label-size-sublabel-line-height: 19px;\n--wpforms-button-size-font-size: 17px;\n--wpforms-button-size-height: 41px;\n--wpforms-button-size-padding-h: 15px;\n--wpforms-button-size-margin-top: 10px;\n\n\t\t\t}\n\t\t\t<\/style><div class=\"wpforms-container wpforms-container-full wpforms-block wpforms-block-68c676e1-9d6c-4eec-ab52-3ba728990db7 wpforms-render-modern\" id=\"wpforms-77\"><form id=\"wpforms-form-77\" class=\"wpforms-validate wpforms-form wpforms-ajax-form\" data-formid=\"77\" method=\"post\" enctype=\"multipart\/form-data\" action=\"\/cat\/wp-json\/wp\/v2\/pages\/5\" data-token=\"e16cf6ead9cd17694aee450482630c1d\" data-token-time=\"1776861268\" data-trp-original-action=\"\/cat\/wp-json\/wp\/v2\/pages\/5\"><noscript class=\"wpforms-error-noscript\">Activeu el JavaScript al navegador per a poder completar el formulari.<\/noscript><div id=\"wpforms-error-noscript\" style=\"display: none;\">Activeu el JavaScript al navegador per a poder completar el formulari.<\/div><div class=\"wpforms-field-container\"><div id=\"wpforms-77-field_1-container\" class=\"wpforms-field wpforms-field-name\" data-field-id=\"1\"><label class=\"wpforms-field-label\" for=\"wpforms-77-field_1\">Nom <span class=\"wpforms-required-label\" aria-hidden=\"true\">*<\/span><\/label><input type=\"text\" id=\"wpforms-77-field_1\" class=\"wpforms-field-small wpforms-field-required\" name=\"wpforms[fields][1]\" aria-errormessage=\"wpforms-77-field_1-error\" required><\/div>\t\t<div id=\"wpforms-77-field_5-container\"\n\t\t\tclass=\"wpforms-field wpforms-field-text\"\n\t\t\tdata-field-type=\"text\"\n\t\t\tdata-field-id=\"5\"\n\t\t\t>\n\t\t\t<label class=\"wpforms-field-label\" for=\"wpforms-77-field_5\" >consulta Email Tel\u00e9fono<\/label>\n\t\t\t<input type=\"text\" id=\"wpforms-77-field_5\" class=\"wpforms-field-medium\" name=\"wpforms[fields][5]\" >\n\t\t<\/div>\n\t\t<div id=\"wpforms-77-field_4-container\" class=\"wpforms-field wpforms-field-text\" data-field-id=\"4\"><label class=\"wpforms-field-label\" for=\"wpforms-77-field_4\">Tel\u00e8fon <span class=\"wpforms-required-label\" aria-hidden=\"true\">*<\/span><\/label><input type=\"text\" id=\"wpforms-77-field_4\" class=\"wpforms-field-small wpforms-field-required\" name=\"wpforms[fields][4]\" aria-errormessage=\"wpforms-77-field_4-error\" required><\/div><div id=\"wpforms-77-field_2-container\" class=\"wpforms-field wpforms-field-email\" data-field-id=\"2\"><label class=\"wpforms-field-label\" for=\"wpforms-77-field_2\">Email <span class=\"wpforms-required-label\" aria-hidden=\"true\">*<\/span><\/label><input type=\"email\" id=\"wpforms-77-field_2\" class=\"wpforms-field-medium wpforms-field-required\" name=\"wpforms[fields][2]\" spellcheck=\"false\" aria-errormessage=\"wpforms-77-field_2-error\" required><\/div><div id=\"wpforms-77-field_3-container\" class=\"wpforms-field wpforms-field-textarea\" data-field-id=\"3\"><label class=\"wpforms-field-label\" for=\"wpforms-77-field_3\">Motiu de consulta<\/label><textarea id=\"wpforms-77-field_3\" class=\"wpforms-field-medium\" name=\"wpforms[fields][3]\" placeholder=\"En qu\u00e8 et podem ajudar?\" aria-errormessage=\"wpforms-77-field_3-error\" ><\/textarea><\/div><script>\n\t\t\t\t( function() {\n\t\t\t\t\tconst style = document.createElement( 'style' );\n\t\t\t\t\tstyle.appendChild( document.createTextNode( '#wpforms-77-field_5-container { position: absolute !important; overflow: hidden !important; display: inline !important; height: 1px !important; width: 1px !important; z-index: -1000 !important; padding: 0 !important; } #wpforms-77-field_5-container input { visibility: hidden; } #wpforms-conversational-form-page #wpforms-77-field_5-container label { counter-increment: none; }' ) );\n\t\t\t\t\tdocument.head.appendChild( style );\n\t\t\t\t\tdocument.currentScript?.remove();\n\t\t\t\t} )();\n\t\t\t<\/script><\/div><!-- .wpforms-field-container --><div class=\"wpforms-submit-container\" ><input type=\"hidden\" name=\"wpforms[id]\" value=\"77\"><input type=\"hidden\" name=\"page_title\" value=\"\"><input type=\"hidden\" name=\"page_url\" value=\"https:\/\/bensportsalud.com\/cat\/wp-json\/wp\/v2\/pages\/5\"><input type=\"hidden\" name=\"url_referer\" value=\"\"><button type=\"submit\" name=\"wpforms[submit]\" id=\"wpforms-submit-77\" class=\"wpforms-submit\" data-alt-text=\"Enviando...\" data-submit-text=\"Enviar\" aria-live=\"assertive\" value=\"wpforms-submit\">Enviar<\/button><img loading=\"lazy\" decoding=\"async\" src=\"https:\/\/bensportsalud.com\/wp-content\/plugins\/wpforms-lite\/assets\/images\/submit-spin.svg\" class=\"wpforms-submit-spinner\" style=\"display: none;\" width=\"26\" height=\"26\" alt=\"S&#039;est\u00e0 carregant\"><\/div><input type=\"hidden\" name=\"trp-form-language\" value=\"cat\"\/><\/form><\/div>  <!-- .wpforms-container -->\n\n\n<p><\/p>","protected":false},"excerpt":{"rendered":"<p>MEDICINA, FISIOTERAPIA Y RENDIMIENTO DEPORTIVO EN BARCELONA Centro especializado en medicina, fisioterapia, nutrici\u00f3n y preparaci\u00f3n f\u00edsica para tu bienestar total. \u00bfPor qu\u00e9 elegir BENSPORT? Porque aqu\u00ed no vienes solo a curarte. Vienes a volver m\u00e1s fuerte. No hacemos tratamientos est\u00e1ndar. Dise\u00f1amos un plan espec\u00edfico para ti, con la mirada m\u00e9dica, el criterio fisioterap\u00e9utico y la [&hellip;]<\/p>","protected":false},"author":1,"featured_media":0,"parent":0,"menu_order":0,"comment_status":"closed","ping_status":"closed","template":"","meta":{"footnotes":""},"class_list":["post-5","page","type-page","status-publish","hentry"],"yoast_head":"<!-- This site is optimized with the Yoast SEO plugin v25.7 - https:\/\/yoast.com\/wordpress\/plugins\/seo\/ -->\n<title>Medicina, Fisioterapia y Rendimiento Deportivo Medicina, Fisioterapia y Rendimiento Deportivo<\/title>\n<meta name=\"description\" content=\"Nuestro objetivo es que vuelvas a tu mejor versi\u00f3n de forma segura y efectiva. Recupera tu mejor vers\u00edon\" \/>\n<meta name=\"robots\" content=\"index, follow, max-snippet:-1, max-image-preview:large, max-video-preview:-1\" \/>\n<link rel=\"canonical\" href=\"https:\/\/bensportsalud.com\/cat\/\" \/>\n<meta property=\"og:locale\" content=\"ca_ES\" \/>\n<meta property=\"og:type\" content=\"article\" \/>\n<meta property=\"og:title\" content=\"Medicina, Fisioterapia y Rendimiento Deportivo Medicina, Fisioterapia y Rendimiento Deportivo\" \/>\n<meta property=\"og:description\" content=\"Nuestro objetivo es que vuelvas a tu mejor versi\u00f3n de forma segura y efectiva. Recupera tu mejor vers\u00edon\" \/>\n<meta property=\"og:url\" content=\"https:\/\/bensportsalud.com\/cat\/\" \/>\n<meta property=\"og:site_name\" content=\"Medicina, Fisioterapia y Rendimiento Deportivo\" \/>\n<meta property=\"article:modified_time\" content=\"2025-09-09T15:44:28+00:00\" \/>\n<meta name=\"twitter:card\" content=\"summary_large_image\" \/>\n<meta name=\"twitter:label1\" content=\"Temps estimat de lectura\" \/>\n\t<meta name=\"twitter:data1\" content=\"1 minut\" \/>\n<script type=\"application\/ld+json\" class=\"yoast-schema-graph\">{\"@context\":\"https:\/\/schema.org\",\"@graph\":[{\"@type\":\"WebPage\",\"@id\":\"https:\/\/bensportsalud.com\/\",\"url\":\"https:\/\/bensportsalud.com\/\",\"name\":\"Medicina, Fisioterapia y Rendimiento Deportivo Medicina, Fisioterapia y Rendimiento Deportivo\",\"isPartOf\":{\"@id\":\"https:\/\/bensportsalud.com\/#website\"},\"datePublished\":\"2025-01-26T09:40:38+00:00\",\"dateModified\":\"2025-09-09T15:44:28+00:00\",\"description\":\"Nuestro objetivo es que vuelvas a tu mejor versi\u00f3n de forma segura y efectiva. Recupera tu mejor vers\u00edon\",\"breadcrumb\":{\"@id\":\"https:\/\/bensportsalud.com\/#breadcrumb\"},\"inLanguage\":\"ca\",\"potentialAction\":[{\"@type\":\"ReadAction\",\"target\":[\"https:\/\/bensportsalud.com\/\"]}]},{\"@type\":\"BreadcrumbList\",\"@id\":\"https:\/\/bensportsalud.com\/#breadcrumb\",\"itemListElement\":[{\"@type\":\"ListItem\",\"position\":1,\"name\":\"Portada\",\"item\":\"https:\/\/bensportsalud.com\/\"},{\"@type\":\"ListItem\",\"position\":2,\"name\":\"Inicio\"}]},{\"@type\":\"WebSite\",\"@id\":\"https:\/\/bensportsalud.com\/#website\",\"url\":\"https:\/\/bensportsalud.com\/\",\"name\":\"Bensportsalud\",\"description\":\"Recupera tu mejor vers\u00edon\",\"publisher\":{\"@id\":\"https:\/\/bensportsalud.com\/#organization\"},\"potentialAction\":[{\"@type\":\"SearchAction\",\"target\":{\"@type\":\"EntryPoint\",\"urlTemplate\":\"https:\/\/bensportsalud.com\/?s={search_term_string}\"},\"query-input\":{\"@type\":\"PropertyValueSpecification\",\"valueRequired\":true,\"valueName\":\"search_term_string\"}}],\"inLanguage\":\"ca\"},{\"@type\":\"Organization\",\"@id\":\"https:\/\/bensportsalud.com\/#organization\",\"name\":\"Bensport salud y rendimiento\",\"url\":\"https:\/\/bensportsalud.com\/\",\"logo\":{\"@type\":\"ImageObject\",\"inLanguage\":\"ca\",\"@id\":\"https:\/\/bensportsalud.com\/#\/schema\/logo\/image\/\",\"url\":\"https:\/\/bensportsalud.com\/wp-content\/uploads\/2025\/01\/Color-logo-with-background.png\",\"contentUrl\":\"https:\/\/bensportsalud.com\/wp-content\/uploads\/2025\/01\/Color-logo-with-background.png\",\"width\":3163,\"height\":929,\"caption\":\"Bensport salud y rendimiento\"},\"image\":{\"@id\":\"https:\/\/bensportsalud.com\/#\/schema\/logo\/image\/\"}}]}<\/script>\n<!-- \/ Yoast SEO plugin. -->","yoast_head_json":{"title":"Medicina, Fisioterapia y Rendimiento Deportivo Medicina, Fisioterapia y Rendimiento Deportivo","description":"Nuestro objetivo es que vuelvas a tu mejor versi\u00f3n de forma segura y efectiva. Recupera tu mejor vers\u00edon","robots":{"index":"index","follow":"follow","max-snippet":"max-snippet:-1","max-image-preview":"max-image-preview:large","max-video-preview":"max-video-preview:-1"},"canonical":"https:\/\/bensportsalud.com\/cat\/","og_locale":"ca_ES","og_type":"article","og_title":"Medicina, Fisioterapia y Rendimiento Deportivo Medicina, Fisioterapia y Rendimiento Deportivo","og_description":"Nuestro objetivo es que vuelvas a tu mejor versi\u00f3n de forma segura y efectiva. Recupera tu mejor vers\u00edon","og_url":"https:\/\/bensportsalud.com\/cat\/","og_site_name":"Medicina, Fisioterapia y Rendimiento Deportivo","article_modified_time":"2025-09-09T15:44:28+00:00","twitter_card":"summary_large_image","twitter_misc":{"Temps estimat de lectura":"1 minut"},"schema":{"@context":"https:\/\/schema.org","@graph":[{"@type":"WebPage","@id":"https:\/\/bensportsalud.com\/","url":"https:\/\/bensportsalud.com\/","name":"Medicina, Fisioterapia y Rendimiento Deportivo Medicina, Fisioterapia y Rendimiento Deportivo","isPartOf":{"@id":"https:\/\/bensportsalud.com\/#website"},"datePublished":"2025-01-26T09:40:38+00:00","dateModified":"2025-09-09T15:44:28+00:00","description":"Nuestro objetivo es que vuelvas a tu mejor versi\u00f3n de forma segura y efectiva. Recupera tu mejor vers\u00edon","breadcrumb":{"@id":"https:\/\/bensportsalud.com\/#breadcrumb"},"inLanguage":"ca","potentialAction":[{"@type":"ReadAction","target":["https:\/\/bensportsalud.com\/"]}]},{"@type":"BreadcrumbList","@id":"https:\/\/bensportsalud.com\/#breadcrumb","itemListElement":[{"@type":"ListItem","position":1,"name":"Portada","item":"https:\/\/bensportsalud.com\/"},{"@type":"ListItem","position":2,"name":"Inicio"}]},{"@type":"WebSite","@id":"https:\/\/bensportsalud.com\/#website","url":"https:\/\/bensportsalud.com\/","name":"Bensportsalud","description":"Recupera tu mejor vers\u00edon","publisher":{"@id":"https:\/\/bensportsalud.com\/#organization"},"potentialAction":[{"@type":"SearchAction","target":{"@type":"EntryPoint","urlTemplate":"https:\/\/bensportsalud.com\/?s={search_term_string}"},"query-input":{"@type":"PropertyValueSpecification","valueRequired":true,"valueName":"search_term_string"}}],"inLanguage":"ca"},{"@type":"Organization","@id":"https:\/\/bensportsalud.com\/#organization","name":"Bensport salud y rendimiento","url":"https:\/\/bensportsalud.com\/","logo":{"@type":"ImageObject","inLanguage":"ca","@id":"https:\/\/bensportsalud.com\/#\/schema\/logo\/image\/","url":"https:\/\/bensportsalud.com\/wp-content\/uploads\/2025\/01\/Color-logo-with-background.png","contentUrl":"https:\/\/bensportsalud.com\/wp-content\/uploads\/2025\/01\/Color-logo-with-background.png","width":3163,"height":929,"caption":"Bensport salud y rendimiento"},"image":{"@id":"https:\/\/bensportsalud.com\/#\/schema\/logo\/image\/"}}]}},"_links":{"self":[{"href":"https:\/\/bensportsalud.com\/cat\/wp-json\/wp\/v2\/pages\/5","targetHints":{"allow":["GET"]}}],"collection":[{"href":"https:\/\/bensportsalud.com\/cat\/wp-json\/wp\/v2\/pages"}],"about":[{"href":"https:\/\/bensportsalud.com\/cat\/wp-json\/wp\/v2\/types\/page"}],"author":[{"embeddable":true,"href":"https:\/\/bensportsalud.com\/cat\/wp-json\/wp\/v2\/users\/1"}],"replies":[{"embeddable":true,"href":"https:\/\/bensportsalud.com\/cat\/wp-json\/wp\/v2\/comments?post=5"}],"version-history":[{"count":51,"href":"https:\/\/bensportsalud.com\/cat\/wp-json\/wp\/v2\/pages\/5\/revisions"}],"predecessor-version":[{"id":480,"href":"https:\/\/bensportsalud.com\/cat\/wp-json\/wp\/v2\/pages\/5\/revisions\/480"}],"wp:attachment":[{"href":"https:\/\/bensportsalud.com\/cat\/wp-json\/wp\/v2\/media?parent=5"}],"curies":[{"name":"wp","href":"https:\/\/api.w.org\/{rel}","templated":true}]}}