{"id":406,"date":"2025-06-06T21:36:29","date_gmt":"2025-06-06T21:36:29","guid":{"rendered":"https:\/\/bensportsalud.com\/?page_id=406"},"modified":"2025-06-06T21:54:57","modified_gmt":"2025-06-06T21:54:57","slug":"dr-david-farkas-reinhardt","status":"publish","type":"page","link":"https:\/\/bensportsalud.com\/cat\/dr-david-farkas-reinhardt\/","title":{"rendered":"Dr. David Farkas Reinhardt"},"content":{"rendered":"<div class=\"kb-row-layout-wrap kb-row-layout-id406_881c81-65 alignfull has-custom-color-4-background-color kt-row-has-bg wp-block-kadence-rowlayout\"><div class=\"kt-row-column-wrap kt-has-2-columns kt-row-layout-left-golden kt-tab-layout-inherit kt-mobile-layout-row kt-row-valign-middle\">\n\n<div class=\"wp-block-kadence-column kadence-column406_017041-7c kb-section-dir-vertical inner-column-1\"><div class=\"kt-inside-inner-col\">\n<h2 class=\"kt-adv-heading406_1002a1-6c wp-block-kadence-advancedheading\" data-kb-block=\"kb-adv-heading406_1002a1-6c\">Tractament del dolor cr\u00f2nic i ter\u00e0pies regeneratives<\/h2>\n\n\n\n<p class=\"kt-adv-heading406_d0ae9a-c7 wp-block-kadence-advancedheading has-theme-palette-4-color has-text-color\" data-kb-block=\"kb-adv-heading406_d0ae9a-c7\">El Dr. Farkas pot alleujar les teves mol\u00e8sties i millorar la teva qualitat de vida. <\/p>\n\n\n\n<div class=\"wp-block-kadence-advancedbtn kb-buttons-wrap kb-btns406_7d9eb8-c1\"><a class=\"kb-button kt-button button kb-btn406_fbaf7e-50 kt-btn-size-large kt-btn-width-type-auto kb-btn-global-inherit kt-btn-has-text-true kt-btn-has-svg-false wp-block-button__link wp-block-kadence-singlebtn\" href=\"https:\/\/bensportsalud.com\/cat\/contacto\/\"><span class=\"kt-btn-inner-text\">RESERVAR CITA<\/span><\/a><\/div>\n<\/div><\/div>\n\n\n\n<div class=\"wp-block-kadence-column kadence-column406_8f8766-76 inner-column-2\"><div class=\"kt-inside-inner-col\">\n<figure class=\"wp-block-kadence-image kb-image406_ee10bb-09 kb-image-is-ratio-size\"><div class=\"kb-is-ratio-image kb-image-ratio-port23\"><img loading=\"lazy\" decoding=\"async\" width=\"2496\" height=\"3328\" src=\"https:\/\/bensportsalud.com\/wp-content\/uploads\/2025\/06\/Diseno-sin-titulo.png\" alt=\"\" class=\"kb-img wp-image-400\" srcset=\"https:\/\/bensportsalud.com\/wp-content\/uploads\/2025\/06\/Diseno-sin-titulo.png 2496w, https:\/\/bensportsalud.com\/wp-content\/uploads\/2025\/06\/Diseno-sin-titulo-225x300.png 225w, https:\/\/bensportsalud.com\/wp-content\/uploads\/2025\/06\/Diseno-sin-titulo-768x1024.png 768w, https:\/\/bensportsalud.com\/wp-content\/uploads\/2025\/06\/Diseno-sin-titulo-1152x1536.png 1152w, https:\/\/bensportsalud.com\/wp-content\/uploads\/2025\/06\/Diseno-sin-titulo-1536x2048.png 1536w, https:\/\/bensportsalud.com\/wp-content\/uploads\/2025\/06\/Diseno-sin-titulo-9x12.png 9w\" sizes=\"auto, (max-width: 2496px) 100vw, 2496px\" \/><\/div><\/figure>\n<\/div><\/div>\n\n<\/div><\/div>\n\n\n<div class=\"wp-block-kadence-spacer aligncenter kt-block-spacer-406_8c5c3e-59\"><div class=\"kt-block-spacer kt-block-spacer-halign-center\"><hr class=\"kt-divider\"\/><\/div><\/div>\n\n\n<div class=\"kb-row-layout-wrap kb-row-layout-id406_34ffe4-bd alignfull has-theme-palette7-background-color kt-row-has-bg wp-block-kadence-rowlayout\"><div class=\"kt-row-column-wrap kt-has-3-columns kt-row-layout-equal kt-tab-layout-row kt-mobile-layout-row kt-row-valign-top\">\n\n<div class=\"wp-block-kadence-column kadence-column406_2ed378-75 inner-column-1\"><div class=\"kt-inside-inner-col\">\n<div class=\"wp-block-kadence-infobox kt-info-box406_6cac94-15\"><div class=\"kt-blocks-info-box-link-wrap kt-blocks-info-box-media-align-left kt-info-halign-left kb-info-box-vertical-media-align-top\"><div class=\"kt-blocks-info-box-media-container\"><div class=\"kt-blocks-info-box-media kt-info-media-animate-none\"><div class=\"kadence-info-box-icon-container kt-info-icon-animate-none\"><div class=\"kadence-info-box-icon-inner-container\"><span class=\"kb-svg-icon-wrap kb-svg-icon-fas_leaf kt-info-svg-icon\"><svg viewbox=\"0 0 576 512\"  fill=\"currentColor\" xmlns=\"http:\/\/www.w3.org\/2000\/svg\"  aria-hidden=\"true\"><path d=\"M546.2 9.7c-5.6-12.5-21.6-13-28.3-1.2C486.9 62.4 431.4 96 368 96h-80C182 96 96 182 96 288c0 7 .8 13.7 1.5 20.5C161.3 262.8 253.4 224 384 224c8.8 0 16 7.2 16 16s-7.2 16-16 16C132.6 256 26 410.1 2.4 468c-6.6 16.3 1.2 34.9 17.5 41.6 16.4 6.8 35-1.1 41.8-17.3 1.5-3.6 20.9-47.9 71.9-90.6 32.4 43.9 94 85.8 174.9 77.2C465.5 467.5 576 326.7 576 154.3c0-50.2-10.8-102.2-29.8-144.6z\"\/><\/svg><\/span><\/div><\/div><\/div><\/div><div class=\"kt-infobox-textcontent\"><h3 class=\"kt-blocks-info-box-title\">Expert en ecografia<\/h3><p class=\"kt-blocks-info-box-text\">El Dr. Farkas domina l\u2019ecografia musculoesquel\u00e8tica aix\u00ed com el diagn\u00f2stic de patologia de l\u2019aparell locomotor.<\/p><\/div><\/div><\/div>\n<\/div><\/div>\n\n\n\n<div class=\"wp-block-kadence-column kadence-column406_002a71-60 inner-column-2\"><div class=\"kt-inside-inner-col\">\n<div class=\"wp-block-kadence-infobox kt-info-box406_92eff4-ce\"><div class=\"kt-blocks-info-box-link-wrap kt-blocks-info-box-media-align-left kt-info-halign-left kb-info-box-vertical-media-align-top\"><div class=\"kt-blocks-info-box-media-container\"><div class=\"kt-blocks-info-box-media kt-info-media-animate-none\"><div class=\"kadence-info-box-icon-container kt-info-icon-animate-none\"><div class=\"kadence-info-box-icon-inner-container\"><span class=\"kb-svg-icon-wrap kb-svg-icon-fas_star kt-info-svg-icon\"><svg viewbox=\"0 0 576 512\"  fill=\"currentColor\" xmlns=\"http:\/\/www.w3.org\/2000\/svg\"  aria-hidden=\"true\"><path d=\"M259.3 17.8L194 150.2 47.9 171.5c-26.2 3.8-36.7 36.1-17.7 54.6l105.7 103-25 145.5c-4.5 26.3 23.2 46 46.4 33.7L288 439.6l130.7 68.7c23.2 12.2 50.9-7.4 46.4-33.7l-25-145.5 105.7-103c19-18.5 8.5-50.8-17.7-54.6L382 150.2 316.7 17.8c-11.7-23.6-45.6-23.9-57.4 0z\"\/><\/svg><\/span><\/div><\/div><\/div><\/div><div class=\"kt-infobox-textcontent\"><h3 class=\"kt-blocks-info-box-title\">T\u00edtol d'Especialista en Medicina Regenerativa<\/h3><p class=\"kt-blocks-info-box-text\">Domina els tractaments que impliquen la regeneraci\u00f3 tissular com els factors de creixement o la proloter\u00e0pia.<\/p><\/div><\/div><\/div>\n<\/div><\/div>\n\n\n\n<div class=\"wp-block-kadence-column kadence-column406_a17ec4-95 inner-column-3\"><div class=\"kt-inside-inner-col\">\n<div class=\"wp-block-kadence-infobox kt-info-box406_56a6b6-17\"><div class=\"kt-blocks-info-box-link-wrap kt-blocks-info-box-media-align-left kt-info-halign-left kb-info-box-vertical-media-align-top\"><div class=\"kt-blocks-info-box-media-container\"><div class=\"kt-blocks-info-box-media kt-info-media-animate-none\"><div class=\"kadence-info-box-icon-container kt-info-icon-animate-none\"><div class=\"kadence-info-box-icon-inner-container\"><span class=\"kb-svg-icon-wrap kb-svg-icon-fas_gift kt-info-svg-icon\"><svg viewbox=\"0 0 512 512\"  fill=\"currentColor\" xmlns=\"http:\/\/www.w3.org\/2000\/svg\"  aria-hidden=\"true\"><path d=\"M32 448c0 17.7 14.3 32 32 32h160V320H32v128zm448-288h-42.1c6.2-12.1 10.1-25.5 10.1-40 0-48.5-39.5-88-88-88-41.6 0-68.5 21.3-103 68.3-34.5-47-61.4-68.3-103-68.3-48.5 0-88 39.5-88 88 0 14.5 3.8 27.9 10.1 40H32c-17.7 0-32 14.3-32 32v80c0 8.8 7.2 16 16 16h480c8.8 0 16-7.2 16-16v-80c0-17.7-14.3-32-32-32zm-326.1 0c-22.1 0-40-17.9-40-40s17.9-40 40-40c19.9 0 34.6 3.3 86.1 80h-86.1zm206.1 0h-86.1c51.4-76.5 65.7-80 86.1-80 22.1 0 40 17.9 40 40s-17.9 40-40 40zm-72 320h160c17.7 0 32-14.3 32-32V320H288v160z\"\/><\/svg><\/span><\/div><\/div><\/div><\/div><div class=\"kt-infobox-textcontent\"><h3 class=\"kt-blocks-info-box-title\">Enfocament del dolor cr\u00f2nic<\/h3><p class=\"kt-blocks-info-box-text\">\u00c9s especialista en Medicina F\u00edsica i Rehabilitaci\u00f3. Aix\u00f2 li permet abordar el dolor d\u2019una manera integral i aconseguir aportar una soluci\u00f3 al teu problema.<\/p><\/div><\/div><\/div>\n<\/div><\/div>\n\n<\/div><\/div>\n\n\n<hr class=\"wp-block-separator has-css-opacity is-style-default\"\/>\n\n\n\n<figure class=\"wp-block-image aligncenter size-large is-resized is-style-rounded\"><img loading=\"lazy\" decoding=\"async\" width=\"768\" height=\"1024\" src=\"https:\/\/bensportsalud.com\/wp-content\/uploads\/2025\/06\/Diseno-sin-titulo-768x1024.png\" alt=\"\" class=\"wp-image-400\" style=\"aspect-ratio:1;width:170px;height:auto\" srcset=\"https:\/\/bensportsalud.com\/wp-content\/uploads\/2025\/06\/Diseno-sin-titulo-768x1024.png 768w, https:\/\/bensportsalud.com\/wp-content\/uploads\/2025\/06\/Diseno-sin-titulo-225x300.png 225w, https:\/\/bensportsalud.com\/wp-content\/uploads\/2025\/06\/Diseno-sin-titulo-1152x1536.png 1152w, https:\/\/bensportsalud.com\/wp-content\/uploads\/2025\/06\/Diseno-sin-titulo-1536x2048.png 1536w, https:\/\/bensportsalud.com\/wp-content\/uploads\/2025\/06\/Diseno-sin-titulo-9x12.png 9w\" sizes=\"auto, (max-width: 768px) 100vw, 768px\" \/><\/figure>\n\n\n\n<blockquote class=\"wp-block-quote has-text-align-center is-style-large is-layout-flow wp-block-quote-is-layout-flow\">\n<p>\u00abVull acompanyar-te en el proc\u00e9s de recuperar la teva vida, sense dolor\u00bb<\/p>\n<cite>\u2014 <em>Dr. David Farkas Reinhardt, Metge de Bensport<\/em><\/cite><\/blockquote>\n\n\n\n<hr class=\"wp-block-separator has-css-opacity is-style-default\"\/>\n\n\n\n<div class=\"wp-block-group alignfull has-text-color has-background is-layout-flow wp-block-group-is-layout-flow\" style=\"color:#000000;background-color:#ffffff\">\n<div class=\"wp-block-buttons has-custom-color-1-background-color has-background is-horizontal is-content-justification-center is-layout-flex wp-container-core-buttons-is-layout-1 wp-block-buttons-is-layout-flex\">\n<div class=\"wp-block-button has-custom-width wp-block-button__width-25\"><a class=\"wp-block-button__link has-custom-color-3-background-color has-text-color has-background wp-element-button\" href=\"https:\/\/bensportsalud.com\/cat\/contacto\/\" style=\"border-radius:50px;color:#ffffff\">DEMANA CITA<\/a><\/div>\n<\/div>\n<\/div>\n\n\n\n<p><\/p>","protected":false},"excerpt":{"rendered":"<p>Tratamiento del dolor cr\u00f3nico y terapias regenerativas El Dr. Farkas puede aliviar tus dolencias y mejorar tu calidad de vida. \u00abQuiero acompa\u00f1arte en el proceso de recuperar tu vida, sin dolor\u00bb \u2014 Dr. David Farkas Reinhardt, M\u00e9dico de Bensport<\/p>","protected":false},"author":1,"featured_media":0,"parent":0,"menu_order":0,"comment_status":"closed","ping_status":"closed","template":"","meta":{"footnotes":""},"class_list":["post-406","page","type-page","status-publish","hentry"],"yoast_head":"<!-- This site is optimized with the Yoast SEO plugin v25.7 - https:\/\/yoast.com\/wordpress\/plugins\/seo\/ -->\n<title>Dr. David Farkas Reinhardt - Medicina, Fisioterapia y Rendimiento Deportivo<\/title>\n<meta name=\"robots\" content=\"index, follow, max-snippet:-1, max-image-preview:large, max-video-preview:-1\" \/>\n<link rel=\"canonical\" href=\"https:\/\/bensportsalud.com\/cat\/dr-david-farkas-reinhardt\/\" \/>\n<meta property=\"og:locale\" content=\"ca_ES\" \/>\n<meta property=\"og:type\" content=\"article\" \/>\n<meta property=\"og:title\" content=\"Dr. David Farkas Reinhardt - Medicina, Fisioterapia y Rendimiento Deportivo\" \/>\n<meta property=\"og:description\" content=\"Tratamiento del dolor cr\u00f3nico y terapias regenerativas El Dr. Farkas puede aliviar tus dolencias y mejorar tu calidad de vida. \u00abQuiero acompa\u00f1arte en el proceso de recuperar tu vida, sin dolor\u00bb \u2014 Dr. David Farkas Reinhardt, M\u00e9dico de Bensport\" \/>\n<meta property=\"og:url\" content=\"https:\/\/bensportsalud.com\/cat\/dr-david-farkas-reinhardt\/\" \/>\n<meta property=\"og:site_name\" content=\"Medicina, Fisioterapia y Rendimiento Deportivo\" \/>\n<meta property=\"article:modified_time\" content=\"2025-06-06T21:54:57+00:00\" \/>\n<meta property=\"og:image\" content=\"https:\/\/bensportsalud.com\/wp-content\/uploads\/2025\/06\/Diseno-sin-titulo-768x1024.png\" \/>\n\t<meta property=\"og:image:width\" content=\"768\" \/>\n\t<meta property=\"og:image:height\" content=\"1024\" \/>\n\t<meta property=\"og:image:type\" content=\"image\/png\" \/>\n<meta name=\"twitter:card\" content=\"summary_large_image\" \/>\n<meta name=\"twitter:label1\" content=\"Temps estimat de lectura\" \/>\n\t<meta name=\"twitter:data1\" content=\"1 minut\" \/>\n<script type=\"application\/ld+json\" class=\"yoast-schema-graph\">{\"@context\":\"https:\/\/schema.org\",\"@graph\":[{\"@type\":\"WebPage\",\"@id\":\"https:\/\/bensportsalud.com\/dr-david-farkas-reinhardt\/\",\"url\":\"https:\/\/bensportsalud.com\/dr-david-farkas-reinhardt\/\",\"name\":\"Dr. David Farkas Reinhardt - Medicina, Fisioterapia y Rendimiento Deportivo\",\"isPartOf\":{\"@id\":\"https:\/\/bensportsalud.com\/#website\"},\"primaryImageOfPage\":{\"@id\":\"https:\/\/bensportsalud.com\/dr-david-farkas-reinhardt\/#primaryimage\"},\"image\":{\"@id\":\"https:\/\/bensportsalud.com\/dr-david-farkas-reinhardt\/#primaryimage\"},\"thumbnailUrl\":\"https:\/\/bensportsalud.com\/wp-content\/uploads\/2025\/06\/Diseno-sin-titulo.png\",\"datePublished\":\"2025-06-06T21:36:29+00:00\",\"dateModified\":\"2025-06-06T21:54:57+00:00\",\"breadcrumb\":{\"@id\":\"https:\/\/bensportsalud.com\/dr-david-farkas-reinhardt\/#breadcrumb\"},\"inLanguage\":\"ca\",\"potentialAction\":[{\"@type\":\"ReadAction\",\"target\":[\"https:\/\/bensportsalud.com\/dr-david-farkas-reinhardt\/\"]}]},{\"@type\":\"ImageObject\",\"inLanguage\":\"ca\",\"@id\":\"https:\/\/bensportsalud.com\/dr-david-farkas-reinhardt\/#primaryimage\",\"url\":\"https:\/\/bensportsalud.com\/wp-content\/uploads\/2025\/06\/Diseno-sin-titulo.png\",\"contentUrl\":\"https:\/\/bensportsalud.com\/wp-content\/uploads\/2025\/06\/Diseno-sin-titulo.png\"},{\"@type\":\"BreadcrumbList\",\"@id\":\"https:\/\/bensportsalud.com\/dr-david-farkas-reinhardt\/#breadcrumb\",\"itemListElement\":[{\"@type\":\"ListItem\",\"position\":1,\"name\":\"Portada\",\"item\":\"https:\/\/bensportsalud.com\/\"},{\"@type\":\"ListItem\",\"position\":2,\"name\":\"Dr. David Farkas Reinhardt\"}]},{\"@type\":\"WebSite\",\"@id\":\"https:\/\/bensportsalud.com\/#website\",\"url\":\"https:\/\/bensportsalud.com\/\",\"name\":\"Bensportsalud\",\"description\":\"Recupera tu mejor vers\u00edon\",\"publisher\":{\"@id\":\"https:\/\/bensportsalud.com\/#organization\"},\"potentialAction\":[{\"@type\":\"SearchAction\",\"target\":{\"@type\":\"EntryPoint\",\"urlTemplate\":\"https:\/\/bensportsalud.com\/?s={search_term_string}\"},\"query-input\":{\"@type\":\"PropertyValueSpecification\",\"valueRequired\":true,\"valueName\":\"search_term_string\"}}],\"inLanguage\":\"ca\"},{\"@type\":\"Organization\",\"@id\":\"https:\/\/bensportsalud.com\/#organization\",\"name\":\"Bensport salud y rendimiento\",\"url\":\"https:\/\/bensportsalud.com\/\",\"logo\":{\"@type\":\"ImageObject\",\"inLanguage\":\"ca\",\"@id\":\"https:\/\/bensportsalud.com\/#\/schema\/logo\/image\/\",\"url\":\"https:\/\/bensportsalud.com\/wp-content\/uploads\/2025\/01\/Color-logo-with-background.png\",\"contentUrl\":\"https:\/\/bensportsalud.com\/wp-content\/uploads\/2025\/01\/Color-logo-with-background.png\",\"width\":3163,\"height\":929,\"caption\":\"Bensport salud y rendimiento\"},\"image\":{\"@id\":\"https:\/\/bensportsalud.com\/#\/schema\/logo\/image\/\"}}]}<\/script>\n<!-- \/ Yoast SEO plugin. -->","yoast_head_json":{"title":"Dr. David Farkas Reinhardt - Medicina, Fisioterapia y Rendimiento Deportivo","robots":{"index":"index","follow":"follow","max-snippet":"max-snippet:-1","max-image-preview":"max-image-preview:large","max-video-preview":"max-video-preview:-1"},"canonical":"https:\/\/bensportsalud.com\/cat\/dr-david-farkas-reinhardt\/","og_locale":"ca_ES","og_type":"article","og_title":"Dr. David Farkas Reinhardt - Medicina, Fisioterapia y Rendimiento Deportivo","og_description":"Tratamiento del dolor cr\u00f3nico y terapias regenerativas El Dr. Farkas puede aliviar tus dolencias y mejorar tu calidad de vida. \u00abQuiero acompa\u00f1arte en el proceso de recuperar tu vida, sin dolor\u00bb \u2014 Dr. David Farkas Reinhardt, M\u00e9dico de Bensport","og_url":"https:\/\/bensportsalud.com\/cat\/dr-david-farkas-reinhardt\/","og_site_name":"Medicina, Fisioterapia y Rendimiento Deportivo","article_modified_time":"2025-06-06T21:54:57+00:00","og_image":[{"width":768,"height":1024,"url":"https:\/\/bensportsalud.com\/wp-content\/uploads\/2025\/06\/Diseno-sin-titulo-768x1024.png","type":"image\/png"}],"twitter_card":"summary_large_image","twitter_misc":{"Temps estimat de lectura":"1 minut"},"schema":{"@context":"https:\/\/schema.org","@graph":[{"@type":"WebPage","@id":"https:\/\/bensportsalud.com\/dr-david-farkas-reinhardt\/","url":"https:\/\/bensportsalud.com\/dr-david-farkas-reinhardt\/","name":"Dr. David Farkas Reinhardt - Medicina, Fisioterapia y Rendimiento Deportivo","isPartOf":{"@id":"https:\/\/bensportsalud.com\/#website"},"primaryImageOfPage":{"@id":"https:\/\/bensportsalud.com\/dr-david-farkas-reinhardt\/#primaryimage"},"image":{"@id":"https:\/\/bensportsalud.com\/dr-david-farkas-reinhardt\/#primaryimage"},"thumbnailUrl":"https:\/\/bensportsalud.com\/wp-content\/uploads\/2025\/06\/Diseno-sin-titulo.png","datePublished":"2025-06-06T21:36:29+00:00","dateModified":"2025-06-06T21:54:57+00:00","breadcrumb":{"@id":"https:\/\/bensportsalud.com\/dr-david-farkas-reinhardt\/#breadcrumb"},"inLanguage":"ca","potentialAction":[{"@type":"ReadAction","target":["https:\/\/bensportsalud.com\/dr-david-farkas-reinhardt\/"]}]},{"@type":"ImageObject","inLanguage":"ca","@id":"https:\/\/bensportsalud.com\/dr-david-farkas-reinhardt\/#primaryimage","url":"https:\/\/bensportsalud.com\/wp-content\/uploads\/2025\/06\/Diseno-sin-titulo.png","contentUrl":"https:\/\/bensportsalud.com\/wp-content\/uploads\/2025\/06\/Diseno-sin-titulo.png"},{"@type":"BreadcrumbList","@id":"https:\/\/bensportsalud.com\/dr-david-farkas-reinhardt\/#breadcrumb","itemListElement":[{"@type":"ListItem","position":1,"name":"Portada","item":"https:\/\/bensportsalud.com\/"},{"@type":"ListItem","position":2,"name":"Dr. David Farkas Reinhardt"}]},{"@type":"WebSite","@id":"https:\/\/bensportsalud.com\/#website","url":"https:\/\/bensportsalud.com\/","name":"Bensportsalud","description":"Recupera tu mejor vers\u00edon","publisher":{"@id":"https:\/\/bensportsalud.com\/#organization"},"potentialAction":[{"@type":"SearchAction","target":{"@type":"EntryPoint","urlTemplate":"https:\/\/bensportsalud.com\/?s={search_term_string}"},"query-input":{"@type":"PropertyValueSpecification","valueRequired":true,"valueName":"search_term_string"}}],"inLanguage":"ca"},{"@type":"Organization","@id":"https:\/\/bensportsalud.com\/#organization","name":"Bensport salud y rendimiento","url":"https:\/\/bensportsalud.com\/","logo":{"@type":"ImageObject","inLanguage":"ca","@id":"https:\/\/bensportsalud.com\/#\/schema\/logo\/image\/","url":"https:\/\/bensportsalud.com\/wp-content\/uploads\/2025\/01\/Color-logo-with-background.png","contentUrl":"https:\/\/bensportsalud.com\/wp-content\/uploads\/2025\/01\/Color-logo-with-background.png","width":3163,"height":929,"caption":"Bensport salud y rendimiento"},"image":{"@id":"https:\/\/bensportsalud.com\/#\/schema\/logo\/image\/"}}]}},"_links":{"self":[{"href":"https:\/\/bensportsalud.com\/cat\/wp-json\/wp\/v2\/pages\/406","targetHints":{"allow":["GET"]}}],"collection":[{"href":"https:\/\/bensportsalud.com\/cat\/wp-json\/wp\/v2\/pages"}],"about":[{"href":"https:\/\/bensportsalud.com\/cat\/wp-json\/wp\/v2\/types\/page"}],"author":[{"embeddable":true,"href":"https:\/\/bensportsalud.com\/cat\/wp-json\/wp\/v2\/users\/1"}],"replies":[{"embeddable":true,"href":"https:\/\/bensportsalud.com\/cat\/wp-json\/wp\/v2\/comments?post=406"}],"version-history":[{"count":6,"href":"https:\/\/bensportsalud.com\/cat\/wp-json\/wp\/v2\/pages\/406\/revisions"}],"predecessor-version":[{"id":417,"href":"https:\/\/bensportsalud.com\/cat\/wp-json\/wp\/v2\/pages\/406\/revisions\/417"}],"wp:attachment":[{"href":"https:\/\/bensportsalud.com\/cat\/wp-json\/wp\/v2\/media?parent=406"}],"curies":[{"name":"wp","href":"https:\/\/api.w.org\/{rel}","templated":true}]}}