{"id":180,"date":"2025-02-01T12:06:50","date_gmt":"2025-02-01T12:06:50","guid":{"rendered":"https:\/\/bensportsalud.com\/?page_id=180"},"modified":"2025-02-09T11:55:15","modified_gmt":"2025-02-09T11:55:15","slug":"jaume-serra-rodriguez","status":"publish","type":"page","link":"https:\/\/bensportsalud.com\/cat\/jaume-serra-rodriguez\/","title":{"rendered":"Jaume Serra Rodr\u00edguez"},"content":{"rendered":"<div class=\"kb-row-layout-wrap kb-row-layout-id180_b7fd58-d9 alignfull kt-row-has-bg wp-block-kadence-rowlayout\"><div class=\"kt-row-column-wrap kt-has-2-columns kt-row-layout-right-golden kt-tab-layout-row kt-mobile-layout-row kt-row-valign-middle\">\n\n<div class=\"wp-block-kadence-column kadence-column180_10ac0d-f9 inner-column-2\"><div class=\"kt-inside-inner-col\">\n<figure class=\"wp-block-kadence-image kb-image180_c41d35-f1 size-large kb-image-is-ratio-size\"><div class=\"kb-is-ratio-image kb-image-ratio-port34\"><img loading=\"lazy\" decoding=\"async\" width=\"1024\" height=\"1024\" src=\"https:\/\/bensportsalud.com\/wp-content\/uploads\/2025\/02\/Simple-Profile-Photo-Instagram-Post-1-1-1024x1024.jpg\" alt=\"\" class=\"kb-img wp-image-322\" srcset=\"https:\/\/bensportsalud.com\/wp-content\/uploads\/2025\/02\/Simple-Profile-Photo-Instagram-Post-1-1-1024x1024.jpg 1024w, https:\/\/bensportsalud.com\/wp-content\/uploads\/2025\/02\/Simple-Profile-Photo-Instagram-Post-1-1-300x300.jpg 300w, https:\/\/bensportsalud.com\/wp-content\/uploads\/2025\/02\/Simple-Profile-Photo-Instagram-Post-1-1-150x150.jpg 150w, https:\/\/bensportsalud.com\/wp-content\/uploads\/2025\/02\/Simple-Profile-Photo-Instagram-Post-1-1-768x768.jpg 768w, https:\/\/bensportsalud.com\/wp-content\/uploads\/2025\/02\/Simple-Profile-Photo-Instagram-Post-1-1-12x12.jpg 12w, https:\/\/bensportsalud.com\/wp-content\/uploads\/2025\/02\/Simple-Profile-Photo-Instagram-Post-1-1.jpg 1080w\" sizes=\"auto, (max-width: 1024px) 100vw, 1024px\" \/><\/div><\/figure>\n<\/div><\/div>\n\n\n\n<div class=\"wp-block-kadence-column kadence-column180_6182ed-96 kb-section-dir-vertical\"><div class=\"kt-inside-inner-col\">\n<p class=\"has-custom-color-3-color has-text-color has-link-color has-x-large-font-size wp-elements-e544cd1115b50a55484445be2a368e17\"><strong>Fisioter\u00e0pia i Readaptaci\u00f3 F\u00edsica<\/strong><\/p>\n\n\n\n<p class=\"has-custom-color-3-color has-text-color has-link-color has-medium-font-size wp-elements-e478f2ef624b67ff182f32cafa8424a4 translation-block\">Jaume Serra Rodr\u00edguez compta amb una \u00e0mplia traject\u00f2ria en l\u2019\u00e0mbit de la <strong>fisioter\u00e0pia i la readaptaci\u00f3 f\u00edsica<\/strong>, amb experi\u00e8ncia en el tractament de lesions musculoesquel\u00e8tiques i la recuperaci\u00f3 d\u2019esportistes d\u2019alt nivell. Ha treballat en <strong>clubs de futbol professional, centres d\u2019alt rendiment i hospitals de refer\u00e8ncia<\/strong>, aplicant un enfocament integral basat en l\u2019evid\u00e8ncia cient\u00edfica.<\/p>\n\n\n\n<p style=\"font-size:clamp(14px, 0.875rem + ((1vw - 3.2px) * 0.385), 17px);\" class=\"translation-block\">En Jaume ofereix <strong>tractaments personalitzats<\/strong> per a la recuperaci\u00f3 de lesions, l\u2019optimitzaci\u00f3 del rendiment i la prevenci\u00f3 de recaigudes, combinant ter\u00e0pia manual, exercici terap\u00e8utic i tecnologia avan\u00e7ada.<\/p>\n<\/div><\/div>\n\n<\/div><\/div>\n\n<div class=\"kb-row-layout-wrap kb-row-layout-id180_acf23c-f8 alignfull has-custom-color-1-background-color kt-row-has-bg wp-block-kadence-rowlayout\"><div class=\"kt-row-column-wrap kt-has-1-columns kt-row-layout-equal kt-tab-layout-inherit kt-mobile-layout-row kt-row-valign-top kb-theme-content-width\">\n\n<div class=\"wp-block-kadence-column kadence-column180_6852b7-3e\"><div class=\"kt-inside-inner-col\">\n<h2 class=\"kt-adv-heading180_70d816-2b wp-block-kadence-advancedheading has-custom-color-3-color has-text-color\" data-kb-block=\"kb-adv-heading180_70d816-2b\">Experi\u00e8ncia professional<\/h2>\n\n\n\n<div class=\"wp-block-kadence-column kadence-column180_21d7e5-68 inner-column-1\"><div class=\"kt-inside-inner-col\">\n<div class=\"wp-block-kadence-iconlist kt-svg-icon-list-items kt-svg-icon-list-items180_9863a6-89 kt-svg-icon-list-columns-1 alignnone\"><ul class=\"kt-svg-icon-list\">\n<li class=\"wp-block-kadence-listitem kt-svg-icon-list-item-wrap kt-svg-icon-list-item-180_fc1207-10 translation-block\"><strong>Fisioterapeuta al RCD Espanyol Femen\u00ed i Mascul\u00ed (2017-2022)<\/strong><br>Atenci\u00f3 als equips femenins U15, U17, U21 i a l\u2019equip mascul\u00ed U16, realitzant diagn\u00f2stic, tractament i prevenci\u00f3 de lesions esportives.<br><\/span><\/li>\n\n\n\n<li class=\"wp-block-kadence-listitem kt-svg-icon-list-item-wrap kt-svg-icon-list-item-180_030825-ef\"><span class=\"kb-svg-icon-wrap kb-svg-icon-fe_aperture kt-svg-icon-list-single\"><svg viewbox=\"0 0 24 24\"  fill=\"none\" stroke=\"currentColor\" stroke-width=\"2\" stroke-linecap=\"round\" stroke-linejoin=\"round\" xmlns=\"http:\/\/www.w3.org\/2000\/svg\"  aria-hidden=\"true\"><circle cx=\"12\" cy=\"12\" r=\"10\"\/><line x1=\"14.31\" y1=\"8\" x2=\"20.05\" y2=\"17.94\"\/><line x1=\"9.69\" y1=\"8\" x2=\"21.17\" y2=\"8\"\/><line x1=\"7.38\" y1=\"12\" x2=\"13.12\" y2=\"2.06\"\/><line x1=\"9.69\" y1=\"16\" x2=\"3.95\" y2=\"6.06\"\/><line x1=\"14.31\" y1=\"16\" x2=\"2.83\" y2=\"16\"\/><line x1=\"16.62\" y1=\"12\" x2=\"10.88\" y2=\"21.94\"\/><\/svg><\/span><span class=\"kt-svg-icon-list-text\"><strong>Readaptador esportiu al RCD Espanyol (2019-2022)<\/strong><br>Supervisi\u00f3 del proc\u00e9s de recuperaci\u00f3 de futbolistes en fases mitjanes i avan\u00e7ades, incloent treball en gimn\u00e0s, camp i retorn a la competici\u00f3.<br><\/span><\/li>\n\n\n\n<li class=\"wp-block-kadence-listitem kt-svg-icon-list-item-wrap kt-svg-icon-list-item-180_62ebb8-17\"><span class=\"kb-svg-icon-wrap kb-svg-icon-fas_hospital-symbol kt-svg-icon-list-single\"><svg viewbox=\"0 0 512 512\"  fill=\"currentColor\" xmlns=\"http:\/\/www.w3.org\/2000\/svg\"  aria-hidden=\"true\"><path d=\"M256 0C114.6 0 0 114.6 0 256s114.6 256 256 256 256-114.6 256-256S397.4 0 256 0zm112 376c0 4.4-3.6 8-8 8h-48c-4.4 0-8-3.6-8-8v-88h-96v88c0 4.4-3.6 8-8 8h-48c-4.4 0-8-3.6-8-8V136c0-4.4 3.6-8 8-8h48c4.4 0 8 3.6 8 8v88h96v-88c0-4.4 3.6-8 8-8h48c4.4 0 8 3.6 8 8v240z\"\/><\/svg><\/span><span class=\"kt-svg-icon-list-text\"><strong>Fisioterapeuta a l\u2019Hospital Universitari Germans Trias i Pujol (2019 - Actualitat)<\/strong><br>Tractament de pacients ingressats i rehabilitaci\u00f3 musculoesquel\u00e8tica en fisioter\u00e0pia ambulat\u00f2ria.<br><\/span><\/li>\n\n\n\n<li class=\"wp-block-kadence-listitem kt-svg-icon-list-item-wrap kt-svg-icon-list-item-180_f7cf59-4c translation-block\"><span class=\"kb-svg-icon-wrap kb-svg-icon-fe_users kt-svg-icon-list-single\"><\/span><span class=\"kt-svg-icon-list-text\"><strong>Estades cl\u00edniques en centres de refer\u00e8ncia:<\/strong><br>\u2013 Centre d\u2019Alt Rendiment (CAR) de Sant Cugat \u2013 Fisioter\u00e0pia per a atletes d\u2019elit.<br>\u2013 Hospital Universitari Germans Trias i Pujol, ICS Matar\u00f3 i Parc Sanitari Pere Virgili \u2013 Experi\u00e8ncia en rehabilitaci\u00f3 musculoesquel\u00e8tica, neurol\u00f2gica i geri\u00e0trica.<\/span><\/li>\n<\/ul><\/div>\n<\/div><\/div>\n<\/div><\/div>\n\n<\/div><\/div>\n\n<div class=\"kb-row-layout-wrap kb-row-layout-id180_1f38d1-98 alignfull has-custom-color-4-background-color kt-row-has-bg wp-block-kadence-rowlayout\"><div class=\"kt-row-column-wrap kt-has-4-columns kt-row-layout-equal kt-tab-layout-equal kt-mobile-layout-row kt-row-valign-top kb-theme-content-width\">\n\n<div class=\"wp-block-kadence-column kadence-column180_915ecb-d9 inner-column-1\"><div class=\"kt-inside-inner-col\">\n<div class=\"wp-block-kadence-infobox kt-info-box180_d86d5b-65\"><div class=\"kt-blocks-info-box-link-wrap kt-blocks-info-box-media-align-top kt-info-halign-center\"><div class=\"kt-blocks-info-box-media-container\"><div class=\"kt-blocks-info-box-media kt-info-media-animate-none\"><div class=\"kadence-info-box-icon-container kt-info-icon-animate-none\"><div class=\"kadence-info-box-icon-inner-container\"><span class=\"kb-svg-icon-wrap kb-svg-icon-fas_hand-paper kt-info-svg-icon\"><svg viewbox=\"0 0 448 512\"  fill=\"currentColor\" xmlns=\"http:\/\/www.w3.org\/2000\/svg\"  aria-hidden=\"true\"><path d=\"M408.781 128.007C386.356 127.578 368 146.36 368 168.79V256h-8V79.79c0-22.43-18.356-41.212-40.781-40.783C297.488 39.423 280 57.169 280 79v177h-8V40.79C272 18.36 253.644-.422 231.219.007 209.488.423 192 18.169 192 40v216h-8V80.79c0-22.43-18.356-41.212-40.781-40.783C121.488 40.423 104 58.169 104 80v235.992l-31.648-43.519c-12.993-17.866-38.009-21.817-55.877-8.823-17.865 12.994-21.815 38.01-8.822 55.877l125.601 172.705A48 48 0 0 0 172.073 512h197.59c22.274 0 41.622-15.324 46.724-37.006l26.508-112.66a192.011 192.011 0 0 0 5.104-43.975V168c.001-21.831-17.487-39.577-39.218-39.993z\"\/><\/svg><\/span><\/div><\/div><\/div><\/div><div class=\"kt-infobox-textcontent\"><h6 class=\"kt-blocks-info-box-title\">Ter\u00e0pia manual<\/h6><p class=\"kt-blocks-info-box-text\">T\u00e8cniques per millorar la mobilitat i reduir el dolor.<br><\/p><\/div><\/div><\/div>\n<\/div><\/div>\n\n\n\n<div class=\"wp-block-kadence-column kadence-column180_48c347-76 inner-column-2\"><div class=\"kt-inside-inner-col\">\n<div class=\"wp-block-kadence-infobox kt-info-box180_864f67-33\"><div class=\"kt-blocks-info-box-link-wrap kt-blocks-info-box-media-align-top kt-info-halign-center\"><div class=\"kt-blocks-info-box-media-container\"><div class=\"kt-blocks-info-box-media kt-info-media-animate-none\"><div class=\"kadence-info-box-icon-container kt-info-icon-animate-none\"><div class=\"kadence-info-box-icon-inner-container\"><span class=\"kb-svg-icon-wrap kb-svg-icon-fe_aperture kt-info-svg-icon\"><svg viewbox=\"0 0 24 24\"  fill=\"none\" stroke=\"currentColor\" stroke-width=\"2\" stroke-linecap=\"round\" stroke-linejoin=\"round\" xmlns=\"http:\/\/www.w3.org\/2000\/svg\"  aria-hidden=\"true\"><circle cx=\"12\" cy=\"12\" r=\"10\"\/><line x1=\"14.31\" y1=\"8\" x2=\"20.05\" y2=\"17.94\"\/><line x1=\"9.69\" y1=\"8\" x2=\"21.17\" y2=\"8\"\/><line x1=\"7.38\" y1=\"12\" x2=\"13.12\" y2=\"2.06\"\/><line x1=\"9.69\" y1=\"16\" x2=\"3.95\" y2=\"6.06\"\/><line x1=\"14.31\" y1=\"16\" x2=\"2.83\" y2=\"16\"\/><line x1=\"16.62\" y1=\"12\" x2=\"10.88\" y2=\"21.94\"\/><\/svg><\/span><\/div><\/div><\/div><\/div><div class=\"kt-infobox-textcontent\"><h6 class=\"kt-blocks-info-box-title\">Exercici terap\u00e8utic i Readaptaci\u00f3 esportiva<\/h6><p class=\"kt-blocks-info-box-text\">Programes de rehabilitaci\u00f3 espec\u00edfics per a cada lesi\u00f3.<br><\/p><\/div><\/div><\/div>\n<\/div><\/div>\n\n\n\n<div class=\"wp-block-kadence-column kadence-column180_bfcd8b-eb kb-section-dir-horizontal inner-column-3\"><div class=\"kt-inside-inner-col\">\n<div class=\"wp-block-kadence-infobox kt-info-box180_aa9705-77\"><div class=\"kt-blocks-info-box-link-wrap kt-blocks-info-box-media-align-top kt-info-halign-center\"><div class=\"kt-blocks-info-box-media-container\"><div class=\"kt-blocks-info-box-media kt-info-media-animate-none\"><div class=\"kadence-info-box-icon-container kt-info-icon-animate-none\"><div class=\"kadence-info-box-icon-inner-container\"><span class=\"kb-svg-icon-wrap kb-svg-icon-ic_bolt kt-info-svg-icon\"><svg viewbox=\"0 0 8 8\"  fill=\"currentColor\" xmlns=\"http:\/\/www.w3.org\/2000\/svg\"  aria-hidden=\"true\"><path d=\"M3 0l-3 5h2v3l3-5h-2v-3z\" transform=\"translate(1)\"\/><\/svg><\/span><\/div><\/div><\/div><\/div><div class=\"kt-infobox-textcontent\"><h6 class=\"kt-blocks-info-box-title\">Neuromodulaci\u00f3 Percut\u00e0nia<\/h6><p class=\"kt-blocks-info-box-text\">Estimulaci\u00f3 neuromuscular per millorar la funci\u00f3.<br><\/p><\/div><\/div><\/div>\n<\/div><\/div>\n\n\n\n<div class=\"wp-block-kadence-column kadence-column180_96d731-58\"><div class=\"kt-inside-inner-col\"><\/div><\/div>\n\n<\/div><\/div>\n\n\n<hr class=\"wp-block-separator has-css-opacity is-style-default\"\/>\n\n\n\n<figure class=\"wp-block-image aligncenter size-large is-resized is-style-rounded\"><img loading=\"lazy\" decoding=\"async\" width=\"1024\" height=\"1024\" src=\"https:\/\/bensportsalud.com\/wp-content\/uploads\/2025\/02\/Simple-Profile-Photo-Instagram-Post-1-1-1024x1024.jpg\" alt=\"\" class=\"wp-image-322\" style=\"width:150px;height:150px\" srcset=\"https:\/\/bensportsalud.com\/wp-content\/uploads\/2025\/02\/Simple-Profile-Photo-Instagram-Post-1-1-1024x1024.jpg 1024w, https:\/\/bensportsalud.com\/wp-content\/uploads\/2025\/02\/Simple-Profile-Photo-Instagram-Post-1-1-300x300.jpg 300w, https:\/\/bensportsalud.com\/wp-content\/uploads\/2025\/02\/Simple-Profile-Photo-Instagram-Post-1-1-150x150.jpg 150w, https:\/\/bensportsalud.com\/wp-content\/uploads\/2025\/02\/Simple-Profile-Photo-Instagram-Post-1-1-768x768.jpg 768w, https:\/\/bensportsalud.com\/wp-content\/uploads\/2025\/02\/Simple-Profile-Photo-Instagram-Post-1-1-12x12.jpg 12w, https:\/\/bensportsalud.com\/wp-content\/uploads\/2025\/02\/Simple-Profile-Photo-Instagram-Post-1-1.jpg 1080w\" sizes=\"auto, (max-width: 1024px) 100vw, 1024px\" \/><\/figure>\n\n\n\n<blockquote class=\"wp-block-quote has-text-align-center is-style-large is-layout-flow wp-block-quote-is-layout-flow\">\n<p>\u00abRecorrem junts el cam\u00ed cap a l\u2019\u00e8xit\u00bb<\/p>\n<cite>\u2014 Jaume Serra Rodr\u00edguez, BENSPORT<\/cite><\/blockquote>\n\n\n\n<hr class=\"wp-block-separator has-css-opacity is-style-default\"\/>\n\n\n\n<div class=\"wp-block-group alignfull has-text-color has-background is-layout-flow wp-block-group-is-layout-flow\" style=\"color:#000000;background-color:#ffffff\">\n<div class=\"wp-block-buttons has-custom-color-1-background-color has-background is-horizontal is-content-justification-center is-layout-flex wp-container-core-buttons-is-layout-1 wp-block-buttons-is-layout-flex\">\n<div class=\"wp-block-button has-custom-width wp-block-button__width-25 has-custom-font-size has-large-font-size\"><a class=\"wp-block-button__link has-custom-color-3-color has-custom-color-4-background-color has-text-color has-background wp-element-button\" href=\"https:\/\/bensportsalud.com\/cat\/contacto\/\" style=\"border-radius:50px\">Demana cita<\/a><\/div>\n<\/div>\n<\/div>\n\n\n\n<p><\/p>","protected":false},"excerpt":{"rendered":"<p>Fisioterapia y Readaptaci\u00f3n F\u00edsica Jaume Serra Rodr\u00edguez cuenta con una amplia trayectoria en el \u00e1mbito de la fisioterapia y la readaptaci\u00f3n f\u00edsica, con experiencia en el tratamiento de lesiones musculoesquel\u00e9ticas y la recuperaci\u00f3n de deportistas de alto nivel. Ha trabajado en clubes de f\u00fatbol profesional, centros de alto rendimiento y hospitales de referencia, aplicando un [&hellip;]<\/p>","protected":false},"author":1,"featured_media":0,"parent":0,"menu_order":0,"comment_status":"closed","ping_status":"closed","template":"","meta":{"footnotes":""},"class_list":["post-180","page","type-page","status-publish","hentry"],"yoast_head":"<!-- This site is optimized with the Yoast SEO plugin v25.7 - https:\/\/yoast.com\/wordpress\/plugins\/seo\/ -->\n<title>Jaume Serra Rodr\u00edguez - Medicina, Fisioterapia y Rendimiento Deportivo<\/title>\n<meta name=\"robots\" content=\"index, follow, max-snippet:-1, max-image-preview:large, max-video-preview:-1\" \/>\n<link rel=\"canonical\" href=\"https:\/\/bensportsalud.com\/cat\/jaume-serra-rodriguez\/\" \/>\n<meta property=\"og:locale\" content=\"ca_ES\" \/>\n<meta property=\"og:type\" content=\"article\" \/>\n<meta property=\"og:title\" content=\"Jaume Serra Rodr\u00edguez - Medicina, Fisioterapia y Rendimiento Deportivo\" \/>\n<meta property=\"og:description\" content=\"Fisioterapia y Readaptaci\u00f3n F\u00edsica Jaume Serra Rodr\u00edguez cuenta con una amplia trayectoria en el \u00e1mbito de la fisioterapia y la readaptaci\u00f3n f\u00edsica, con experiencia en el tratamiento de lesiones musculoesquel\u00e9ticas y la recuperaci\u00f3n de deportistas de alto nivel. Ha trabajado en clubes de f\u00fatbol profesional, centros de alto rendimiento y hospitales de referencia, aplicando un [&hellip;]\" \/>\n<meta property=\"og:url\" content=\"https:\/\/bensportsalud.com\/cat\/jaume-serra-rodriguez\/\" \/>\n<meta property=\"og:site_name\" content=\"Medicina, Fisioterapia y Rendimiento Deportivo\" \/>\n<meta property=\"article:modified_time\" content=\"2025-02-09T11:55:15+00:00\" \/>\n<meta property=\"og:image\" content=\"https:\/\/bensportsalud.com\/wp-content\/uploads\/2025\/02\/Simple-Profile-Photo-Instagram-Post-1-1.jpg\" \/>\n\t<meta property=\"og:image:width\" content=\"1080\" \/>\n\t<meta property=\"og:image:height\" content=\"1080\" \/>\n\t<meta property=\"og:image:type\" content=\"image\/jpeg\" \/>\n<meta name=\"twitter:card\" content=\"summary_large_image\" \/>\n<meta name=\"twitter:label1\" content=\"Temps estimat de lectura\" \/>\n\t<meta name=\"twitter:data1\" content=\"1 minut\" \/>\n<script type=\"application\/ld+json\" class=\"yoast-schema-graph\">{\"@context\":\"https:\/\/schema.org\",\"@graph\":[{\"@type\":\"WebPage\",\"@id\":\"https:\/\/bensportsalud.com\/jaume-serra-rodriguez\/\",\"url\":\"https:\/\/bensportsalud.com\/jaume-serra-rodriguez\/\",\"name\":\"Jaume Serra Rodr\u00edguez - Medicina, Fisioterapia y Rendimiento Deportivo\",\"isPartOf\":{\"@id\":\"https:\/\/bensportsalud.com\/#website\"},\"primaryImageOfPage\":{\"@id\":\"https:\/\/bensportsalud.com\/jaume-serra-rodriguez\/#primaryimage\"},\"image\":{\"@id\":\"https:\/\/bensportsalud.com\/jaume-serra-rodriguez\/#primaryimage\"},\"thumbnailUrl\":\"https:\/\/bensportsalud.com\/wp-content\/uploads\/2025\/02\/Simple-Profile-Photo-Instagram-Post-1-1-1024x1024.jpg\",\"datePublished\":\"2025-02-01T12:06:50+00:00\",\"dateModified\":\"2025-02-09T11:55:15+00:00\",\"breadcrumb\":{\"@id\":\"https:\/\/bensportsalud.com\/jaume-serra-rodriguez\/#breadcrumb\"},\"inLanguage\":\"ca\",\"potentialAction\":[{\"@type\":\"ReadAction\",\"target\":[\"https:\/\/bensportsalud.com\/jaume-serra-rodriguez\/\"]}]},{\"@type\":\"ImageObject\",\"inLanguage\":\"ca\",\"@id\":\"https:\/\/bensportsalud.com\/jaume-serra-rodriguez\/#primaryimage\",\"url\":\"https:\/\/bensportsalud.com\/wp-content\/uploads\/2025\/02\/Simple-Profile-Photo-Instagram-Post-1-1-1024x1024.jpg\",\"contentUrl\":\"https:\/\/bensportsalud.com\/wp-content\/uploads\/2025\/02\/Simple-Profile-Photo-Instagram-Post-1-1-1024x1024.jpg\"},{\"@type\":\"BreadcrumbList\",\"@id\":\"https:\/\/bensportsalud.com\/jaume-serra-rodriguez\/#breadcrumb\",\"itemListElement\":[{\"@type\":\"ListItem\",\"position\":1,\"name\":\"Portada\",\"item\":\"https:\/\/bensportsalud.com\/\"},{\"@type\":\"ListItem\",\"position\":2,\"name\":\"Jaume Serra Rodr\u00edguez\"}]},{\"@type\":\"WebSite\",\"@id\":\"https:\/\/bensportsalud.com\/#website\",\"url\":\"https:\/\/bensportsalud.com\/\",\"name\":\"Bensportsalud\",\"description\":\"Recupera tu mejor vers\u00edon\",\"publisher\":{\"@id\":\"https:\/\/bensportsalud.com\/#organization\"},\"potentialAction\":[{\"@type\":\"SearchAction\",\"target\":{\"@type\":\"EntryPoint\",\"urlTemplate\":\"https:\/\/bensportsalud.com\/?s={search_term_string}\"},\"query-input\":{\"@type\":\"PropertyValueSpecification\",\"valueRequired\":true,\"valueName\":\"search_term_string\"}}],\"inLanguage\":\"ca\"},{\"@type\":\"Organization\",\"@id\":\"https:\/\/bensportsalud.com\/#organization\",\"name\":\"Bensport salud y rendimiento\",\"url\":\"https:\/\/bensportsalud.com\/\",\"logo\":{\"@type\":\"ImageObject\",\"inLanguage\":\"ca\",\"@id\":\"https:\/\/bensportsalud.com\/#\/schema\/logo\/image\/\",\"url\":\"https:\/\/bensportsalud.com\/wp-content\/uploads\/2025\/01\/Color-logo-with-background.png\",\"contentUrl\":\"https:\/\/bensportsalud.com\/wp-content\/uploads\/2025\/01\/Color-logo-with-background.png\",\"width\":3163,\"height\":929,\"caption\":\"Bensport salud y rendimiento\"},\"image\":{\"@id\":\"https:\/\/bensportsalud.com\/#\/schema\/logo\/image\/\"}}]}<\/script>\n<!-- \/ Yoast SEO plugin. -->","yoast_head_json":{"title":"Jaume Serra Rodr\u00edguez - Medicina, Fisioterapia y Rendimiento Deportivo","robots":{"index":"index","follow":"follow","max-snippet":"max-snippet:-1","max-image-preview":"max-image-preview:large","max-video-preview":"max-video-preview:-1"},"canonical":"https:\/\/bensportsalud.com\/cat\/jaume-serra-rodriguez\/","og_locale":"ca_ES","og_type":"article","og_title":"Jaume Serra Rodr\u00edguez - Medicina, Fisioterapia y Rendimiento Deportivo","og_description":"Fisioterapia y Readaptaci\u00f3n F\u00edsica Jaume Serra Rodr\u00edguez cuenta con una amplia trayectoria en el \u00e1mbito de la fisioterapia y la readaptaci\u00f3n f\u00edsica, con experiencia en el tratamiento de lesiones musculoesquel\u00e9ticas y la recuperaci\u00f3n de deportistas de alto nivel. Ha trabajado en clubes de f\u00fatbol profesional, centros de alto rendimiento y hospitales de referencia, aplicando un [&hellip;]","og_url":"https:\/\/bensportsalud.com\/cat\/jaume-serra-rodriguez\/","og_site_name":"Medicina, Fisioterapia y Rendimiento Deportivo","article_modified_time":"2025-02-09T11:55:15+00:00","og_image":[{"width":1080,"height":1080,"url":"https:\/\/bensportsalud.com\/wp-content\/uploads\/2025\/02\/Simple-Profile-Photo-Instagram-Post-1-1.jpg","type":"image\/jpeg"}],"twitter_card":"summary_large_image","twitter_misc":{"Temps estimat de lectura":"1 minut"},"schema":{"@context":"https:\/\/schema.org","@graph":[{"@type":"WebPage","@id":"https:\/\/bensportsalud.com\/jaume-serra-rodriguez\/","url":"https:\/\/bensportsalud.com\/jaume-serra-rodriguez\/","name":"Jaume Serra Rodr\u00edguez - Medicina, Fisioterapia y Rendimiento Deportivo","isPartOf":{"@id":"https:\/\/bensportsalud.com\/#website"},"primaryImageOfPage":{"@id":"https:\/\/bensportsalud.com\/jaume-serra-rodriguez\/#primaryimage"},"image":{"@id":"https:\/\/bensportsalud.com\/jaume-serra-rodriguez\/#primaryimage"},"thumbnailUrl":"https:\/\/bensportsalud.com\/wp-content\/uploads\/2025\/02\/Simple-Profile-Photo-Instagram-Post-1-1-1024x1024.jpg","datePublished":"2025-02-01T12:06:50+00:00","dateModified":"2025-02-09T11:55:15+00:00","breadcrumb":{"@id":"https:\/\/bensportsalud.com\/jaume-serra-rodriguez\/#breadcrumb"},"inLanguage":"ca","potentialAction":[{"@type":"ReadAction","target":["https:\/\/bensportsalud.com\/jaume-serra-rodriguez\/"]}]},{"@type":"ImageObject","inLanguage":"ca","@id":"https:\/\/bensportsalud.com\/jaume-serra-rodriguez\/#primaryimage","url":"https:\/\/bensportsalud.com\/wp-content\/uploads\/2025\/02\/Simple-Profile-Photo-Instagram-Post-1-1-1024x1024.jpg","contentUrl":"https:\/\/bensportsalud.com\/wp-content\/uploads\/2025\/02\/Simple-Profile-Photo-Instagram-Post-1-1-1024x1024.jpg"},{"@type":"BreadcrumbList","@id":"https:\/\/bensportsalud.com\/jaume-serra-rodriguez\/#breadcrumb","itemListElement":[{"@type":"ListItem","position":1,"name":"Portada","item":"https:\/\/bensportsalud.com\/"},{"@type":"ListItem","position":2,"name":"Jaume Serra Rodr\u00edguez"}]},{"@type":"WebSite","@id":"https:\/\/bensportsalud.com\/#website","url":"https:\/\/bensportsalud.com\/","name":"Bensportsalud","description":"Recupera tu mejor vers\u00edon","publisher":{"@id":"https:\/\/bensportsalud.com\/#organization"},"potentialAction":[{"@type":"SearchAction","target":{"@type":"EntryPoint","urlTemplate":"https:\/\/bensportsalud.com\/?s={search_term_string}"},"query-input":{"@type":"PropertyValueSpecification","valueRequired":true,"valueName":"search_term_string"}}],"inLanguage":"ca"},{"@type":"Organization","@id":"https:\/\/bensportsalud.com\/#organization","name":"Bensport salud y rendimiento","url":"https:\/\/bensportsalud.com\/","logo":{"@type":"ImageObject","inLanguage":"ca","@id":"https:\/\/bensportsalud.com\/#\/schema\/logo\/image\/","url":"https:\/\/bensportsalud.com\/wp-content\/uploads\/2025\/01\/Color-logo-with-background.png","contentUrl":"https:\/\/bensportsalud.com\/wp-content\/uploads\/2025\/01\/Color-logo-with-background.png","width":3163,"height":929,"caption":"Bensport salud y rendimiento"},"image":{"@id":"https:\/\/bensportsalud.com\/#\/schema\/logo\/image\/"}}]}},"_links":{"self":[{"href":"https:\/\/bensportsalud.com\/cat\/wp-json\/wp\/v2\/pages\/180","targetHints":{"allow":["GET"]}}],"collection":[{"href":"https:\/\/bensportsalud.com\/cat\/wp-json\/wp\/v2\/pages"}],"about":[{"href":"https:\/\/bensportsalud.com\/cat\/wp-json\/wp\/v2\/types\/page"}],"author":[{"embeddable":true,"href":"https:\/\/bensportsalud.com\/cat\/wp-json\/wp\/v2\/users\/1"}],"replies":[{"embeddable":true,"href":"https:\/\/bensportsalud.com\/cat\/wp-json\/wp\/v2\/comments?post=180"}],"version-history":[{"count":8,"href":"https:\/\/bensportsalud.com\/cat\/wp-json\/wp\/v2\/pages\/180\/revisions"}],"predecessor-version":[{"id":362,"href":"https:\/\/bensportsalud.com\/cat\/wp-json\/wp\/v2\/pages\/180\/revisions\/362"}],"wp:attachment":[{"href":"https:\/\/bensportsalud.com\/cat\/wp-json\/wp\/v2\/media?parent=180"}],"curies":[{"name":"wp","href":"https:\/\/api.w.org\/{rel}","templated":true}]}}